{"id":40760,"date":"2024-10-24T11:41:55","date_gmt":"2024-10-24T11:41:55","guid":{"rendered":"https:\/\/dglynb4o6f.onrocket.site\/?page_id=40760"},"modified":"2025-04-10T08:12:45","modified_gmt":"2025-04-10T08:12:45","slug":"escape-room-for-massor","status":"publish","type":"page","link":"https:\/\/www.greenhatgames.com\/sv\/escape-room-for-massor\/","title":{"rendered":"ESCAPE &#8211; Digitala Escape Rooms f\u00f6r M\u00e4ssor"},"content":{"rendered":"<div class=\"wpb-content-wrapper\"><p>[vc_section ftw_bg_colour=&#8221;bg&#8211;grey&#8221;][vc_row full_width=&#8221;stretch_row&#8221; el_class=&#8221;vc_visible vc_hidden-sm vc_hidden-xs&#8221;][vc_column]\n            <div class=\"hero  background-overlay no-purple\">\n              \t<div class=\"pos-vc\">\n\t\t\t\t\t<div class=\"container\">\n\t\t\t\t\t  [vc_empty_space height=&#8221;100px&#8221;][vc_row_inner ftw_align_center_row=&#8221;true&#8221; ftw_reverse_order=&#8221;true&#8221;][vc_column_inner width=&#8221;2\/3&#8243; css=&#8221;.vc_custom_1723552635211{margin-right: 0px !important;margin-left: 0px !important;border-right-width: 0px !important;border-left-width: 0px !important;padding-right: 0px !important;padding-left: 0px !important;}&#8221;][vc_column_text css=&#8221;&#8221;]<\/p>\n<h1 style=\"font-size: 65px; text-align: left;\">Digitala Escape Rooms<br \/>\nf\u00f6r m\u00e4ssor<\/h1>\n<p>[\/vc_column_text][\/vc_column_inner][vc_column_inner width=&#8221;1\/3&#8243;]\n            <div class=\"auto auto-video style-standard\">\n              <div class=\"pos-vc\">\n                <div class=\"container\">\n                  <div class=\"row\">\n                      <div class=\"col-sm-12\">[vc_empty_space height=&#8221;300px&#8221;]<\/div>\n                  <\/div>\n                <\/div>\n              <\/div>\n              <div class=\"background-image-holder\">\n                <video style=\"display: block; margin: auto; width: %; border-radius:10px;\" autoplay=\"\" loop=\"\" muted=\"\" playsinline=\"\" >\n                  <source src=\"\" type=\"video\/webm\">\n                  <source src=\"https:\/\/www.doubleflow.com\/wp-content\/uploads\/2024\/09\/Beat-the-Hacker-Cybersecurity-Escape-Room-for-web-for-events-no-subs-2.mp4\" type=\"video\/mp4\">\n                <\/video>\n                \n              <\/div>\n            <\/div>\n          [\/vc_column_inner][\/vc_row_inner][vc_row_inner ftw_align_center_row=&#8221;true&#8221; ftw_reverse_order=&#8221;true&#8221;][vc_column_inner width=&#8221;1\/4&#8243; css=&#8221;.vc_custom_1723552635211{margin-right: 0px !important;margin-left: 0px !important;border-right-width: 0px !important;border-left-width: 0px !important;padding-right: 0px !important;padding-left: 0px !important;}&#8221;][vc_btn title=&#8221;Boka en demo&#8221; color=&#8221;white&#8221; size=&#8221;lg&#8221; align=&#8221;left&#8221; css=&#8221;.vc_custom_1730060953512{margin-top: 40px !important;}&#8221; el_class=&#8221;sg-popup-id-39936&#8243;][\/vc_column_inner][vc_column_inner width=&#8221;1\/4&#8243;][vc_empty_space height=&#8221;35px&#8221;][vc_btn title=&#8221;Anm\u00e4l dig till v\u00e5rt webinar&#8221; color=&#8221;white&#8221; size=&#8221;lg&#8221; align=&#8221;left&#8221; css=&#8221;.vc_custom_1730795630098{margin-top: 40px !important;}&#8221; link=&#8221;url:https%3A%2F%2Fwww.greenhatgames.com%2Fsv%2Fevent%2F&#8221;][\/vc_column_inner][vc_column_inner width=&#8221;1\/4&#8243;][\/vc_column_inner][vc_column_inner width=&#8221;1\/4&#8243;][\/vc_column_inner][\/vc_row_inner][vc_empty_space height=&#8221;150px&#8221;]\n\t\t\t\t\t <\/div>\n              \n\t\t\t\t\t <div class=\"background-image-holder\">\n\t\t\t\t\t\t<img loading=\"lazy\" decoding=\"async\" width=\"1920\" height=\"1080\" src=\"https:\/\/www.greenhatgames.com\/wp-content\/uploads\/2024\/10\/Cybersecurity-Events.jpg\" class=\"attachment-full size-full\" alt=\"escape rooms f\u00f6r m\u00e4ssor\" srcset=\"https:\/\/www.greenhatgames.com\/wp-content\/uploads\/2024\/10\/Cybersecurity-Events.jpg 1920w, https:\/\/www.greenhatgames.com\/wp-content\/uploads\/2024\/10\/Cybersecurity-Events-300x169.jpg 300w, https:\/\/www.greenhatgames.com\/wp-content\/uploads\/2024\/10\/Cybersecurity-Events-1024x576.jpg 1024w, https:\/\/www.greenhatgames.com\/wp-content\/uploads\/2024\/10\/Cybersecurity-Events-768x432.jpg 768w, https:\/\/www.greenhatgames.com\/wp-content\/uploads\/2024\/10\/Cybersecurity-Events-1536x864.jpg 1536w\" sizes=\"auto, (max-width: 1920px) 100vw, 1920px\" \/>\n\t\t\t\t\t <\/div>\n\t\t\t  \t<\/div>\n            <\/div>\n          [\/vc_column][\/vc_row][vc_row ftw_align_center_row=&#8221;true&#8221; el_class=&#8221;vc_hidden-sm vc_hidden-xs&#8221;][vc_column css_animation=&#8221;bottom-to-top&#8221;][vc_empty_space height=&#8221;25px&#8221;][vc_column_text css=&#8221;&#8221;]<\/p>\n<h2 style=\"font-size: 36px !important; text-align: left;\">Engagera monterbes\u00f6karna med ett Interaktivt Escape Room. Skr\u00e4ddarsydda utmaningar, l\u00e4tt att k\u00f6ra och s\u00e4ker insamling av data.<\/h2>\n<p>[\/vc_column_text][vc_empty_space height=&#8221;25px&#8221;][\/vc_column][\/vc_row][vc_row el_class=&#8221;vc_hidden-lg vc_hidden-md&#8221;][vc_column]\n            <div class=\"hero  style-standard no-purple\">\n              <div class=\"pos-vc\">\n                <div class=\"container\">\n                  <div class=\"row\">\n                      <div class=\"col-sm-12\">[vc_column_text css=&#8221;&#8221;]<\/p>\n<h2 style=\"font-size: 40px !important; text-align: center;\">Digitala Escape Rooms f\u00f6r m\u00e4ssor<\/h2>\n<p>[\/vc_column_text][vc_row_inner][vc_column_inner][vc_btn title=&#8221;Boka en demo&#8221; color=&#8221;white&#8221; size=&#8221;lg&#8221; align=&#8221;center&#8221; css=&#8221;.vc_custom_1730754815180{margin-top: 40px !important;}&#8221; el_class=&#8221;sg-popup-id-39936&#8243;][\/vc_column_inner][\/vc_row_inner][vc_empty_space height=&#8221;25px&#8221;]<\/div>\n                  <\/div>\n                <\/div>\n              <\/div>\n              <div class=\"background-image-holder\" data-opacity=\"\">\n                <img loading=\"lazy\" decoding=\"async\" width=\"1920\" height=\"1080\" src=\"https:\/\/www.greenhatgames.com\/wp-content\/uploads\/2024\/10\/Cybersecurity-Events.jpg\" class=\"attachment-full size-full\" alt=\"escape rooms f\u00f6r m\u00e4ssor\" srcset=\"https:\/\/www.greenhatgames.com\/wp-content\/uploads\/2024\/10\/Cybersecurity-Events.jpg 1920w, https:\/\/www.greenhatgames.com\/wp-content\/uploads\/2024\/10\/Cybersecurity-Events-300x169.jpg 300w, https:\/\/www.greenhatgames.com\/wp-content\/uploads\/2024\/10\/Cybersecurity-Events-1024x576.jpg 1024w, https:\/\/www.greenhatgames.com\/wp-content\/uploads\/2024\/10\/Cybersecurity-Events-768x432.jpg 768w, https:\/\/www.greenhatgames.com\/wp-content\/uploads\/2024\/10\/Cybersecurity-Events-1536x864.jpg 1536w\" sizes=\"auto, (max-width: 1920px) 100vw, 1920px\" \/>\n              <\/div>\n            <\/div>\n          [\/vc_column][\/vc_row][vc_row ftw_align_center_row=&#8221;true&#8221; el_class=&#8221;vc_hidden-lg vc_hidden-md&#8221;][vc_column css_animation=&#8221;bottom-to-top&#8221;][vc_empty_space height=&#8221;50px&#8221;][vc_column_text css=&#8221;&#8221;]<\/p>\n<h2 style=\"font-size: 20px !important; text-align: left;\">Engagera monterbes\u00f6karna med ett Interaktivt Escape Room. Skr\u00e4ddarsydda utmaningar, l\u00e4tt att k\u00f6ra och s\u00e4ker insamling av data.<\/h2>\n<p>[\/vc_column_text][vc_empty_space height=&#8221;50px&#8221;][\/vc_column][\/vc_row][\/vc_section][vc_section el_class=&#8221;rounded-images&#8221;][vc_row ftw_align_center_row=&#8221;true&#8221;][vc_column css_animation=&#8221;bottom-to-top&#8221; width=&#8221;1\/2&#8243;][vc_single_image image=&#8221;40777&#8243; img_size=&#8221;full&#8221; alignment=&#8221;center&#8221; css=&#8221;&#8221; ftw_cta_position=&#8221;center&#8221; ftw_cta=&#8221;title:Boka%20en%20demo&#8221; el_class=&#8221;sg-popup-id-39936&#8243;][\/vc_column][vc_column width=&#8221;1\/2&#8243;][vc_column_text css=&#8221;&#8221;]<\/p>\n<h2>Engagerande upplevelse f\u00f6r m\u00e4ssbes\u00f6karna<\/h2>\n<p>Genom ESCAPE har vi skapat ett format d\u00e4r utst\u00e4llaren snabbt och enkelt kan skapa inspiration, driva engagemang och involvera sina monterbes\u00f6kare.<\/p>\n<p>&#8211; T\u00e4vlingsformat med 1-5 skr\u00e4ddarsydda utmaningar<br \/>\n&#8211; Live leaderboard<br \/>\n&#8211; Datainsamling fr\u00e5n deltagarna<br \/>\n&#8211; Tidsl\u00e4ngd 1-10 minuter<br \/>\n&#8211; K\u00f6rs p\u00e5 mobil \/ surfplatta \/ dator[\/vc_column_text][\/vc_column][\/vc_row][vc_row][vc_column][vc_empty_space height=&#8221;25px&#8221;][\/vc_column][\/vc_row][\/vc_section][vc_section ftw_bg_colour=&#8221;bg&#8211;grey&#8221; el_class=&#8221;vc_hidden-sm vc_hidden-xs rounded-images&#8221;][vc_row][vc_column][vc_empty_space height=&#8221;45px&#8221;][\/vc_column][\/vc_row][vc_row css_animation=&#8221;bottom-to-top&#8221; ftw_align_center_row=&#8221;true&#8221; el_class=&#8221;vc_hidden-sm vc_hidden-xs&#8221;][vc_column][vc_column_text css=&#8221;&#8221;]<\/p>\n<h2 style=\"font-size: 50px; !important; text-align: left;\">Varf\u00f6r v\u00e4lja oss?<\/h2>\n<p>[\/vc_column_text][\/vc_column][\/vc_row][vc_row][vc_column][vc_empty_space height=&#8221;20px&#8221;][\/vc_column][\/vc_row][vc_row css_animation=&#8221;none&#8221; ftw_align_center_row=&#8221;true&#8221;][vc_column width=&#8221;1\/3&#8243;]\n            <div class=\"auto auto-video style-standard\">\n              <div class=\"pos-vc\">\n                <div class=\"container\">\n                  <div class=\"row\">\n                      <div class=\"col-sm-12\">[vc_empty_space height=&#8221;220px&#8221;]<\/div>\n                  <\/div>\n                <\/div>\n              <\/div>\n              <div class=\"background-image-holder\">\n                <video style=\"display: block; margin: auto; width: 90%; border-radius:10px;\" autoplay=\"\" loop=\"\" muted=\"\" playsinline=\"\" >\n                  <source src=\"\" type=\"video\/webm\">\n                  <source src=\"https:\/\/www.doubleflow.com\/wp-content\/uploads\/2024\/09\/Beat-the-Hacker-Cybersecurity-Escape-Room-for-web-for-events-no-subs-2.mp4\" type=\"video\/mp4\">\n                <\/video>\n                \n              <\/div>\n            <\/div>\n          [\/vc_column][vc_column width=&#8221;1\/3&#8243;][vc_empty_space height=&#8221;40px&#8221;][vc_single_image image=&#8221;37137&#8243; img_size=&#8221;full&#8221; alignment=&#8221;center&#8221; css=&#8221;&#8221;][\/vc_column][vc_column width=&#8221;1\/3&#8243;][vc_empty_space height=&#8221;30px&#8221;][vc_single_image image=&#8221;40781&#8243; img_size=&#8221;full&#8221; alignment=&#8221;center&#8221; css=&#8221;&#8221;][\/vc_column][\/vc_row][vc_row css_animation=&#8221;none&#8221; ftw_align_center_row=&#8221;true&#8221;][vc_column width=&#8221;1\/3&#8243;][vc_column_text css=&#8221;&#8221;]<\/p>\n<h3>Roligt och engagerande<\/h3>\n<p>ESCAPE \u00e4r interaktivt, t\u00e4vlingsinriktat och utmanande, vilket skapar intresse f\u00f6r er monter och det ni vill f\u00f6rmedla.[\/vc_column_text][vc_empty_space height=&#8221;30px&#8221;][\/vc_column][vc_column width=&#8221;1\/3&#8243;][vc_column_text css=&#8221;&#8221;]<\/p>\n<h3>On-brand Experience<\/h3>\n<p>Vi skr\u00e4ddarsyr upplevelsen med era f\u00e4rger, logo, varum\u00e4rkesidentitet och v\u00e4ver in produkter eller tj\u00e4nster p\u00e5 ett sp\u00e4nnande s\u00e4tt.[\/vc_column_text][vc_empty_space height=&#8221;30px&#8221;][\/vc_column][vc_column width=&#8221;1\/3&#8243;][vc_column_text css=&#8221;&#8221;]<\/p>\n<h3>L\u00e4tt att k\u00f6ra<\/h3>\n<p>&#8211; Starta med ett klick<br \/>\n&#8211; K\u00f6rs online p\u00e5 browser<br \/>\n&#8211; Live leaderboards och datainsamling[\/vc_column_text][vc_empty_space height=&#8221;30px&#8221;][\/vc_column][\/vc_row][vc_row][vc_column][vc_empty_space height=&#8221;100px&#8221; el_class=&#8221;vc_hidden-sm vc_hidden-xs&#8221;][\/vc_column][\/vc_row][\/vc_section][vc_section el_class=&#8221;rounded-images&#8221;][vc_row ftw_align_center_row=&#8221;true&#8221; ftw_reverse_order=&#8221;true&#8221; el_class=&#8221;rounded-images&#8221;][vc_column width=&#8221;1\/2&#8243;][vc_column_text css=&#8221;&#8221;]<\/p>\n<h2>Skr\u00e4ddarsytt inneh\u00e5ll<\/h2>\n<p>Med \u00f6ver 10 \u00e5rs erfarenhet av att skapa engagerande l\u00f6sningar har vi erfarenheten som kr\u00e4vs f\u00f6r att hj\u00e4lpa er.<\/p>\n<p>Vill ni ha n\u00e5got p\u00e5 plats till en utst\u00e4llning om tv\u00e5 veckor eller skapa ett unikt case f\u00f6r just ert f\u00f6retag? Med hj\u00e4lp av AI, v\u00e5ra mallar och format hj\u00e4lper vi er att anpassa inneh\u00e5llet och skapa roliga interaktiva utmaningar som kopplar till ert varum\u00e4rke och produkter.[\/vc_column_text][\/vc_column][vc_column css_animation=&#8221;bottom-to-top&#8221; width=&#8221;1\/2&#8243;][vc_single_image image=&#8221;37016&#8243; img_size=&#8221;full&#8221; alignment=&#8221;center&#8221; css=&#8221;&#8221; ftw_cta_position=&#8221;center&#8221; ftw_cta=&#8221;title:Boka%20en%20demo&#8221; el_class=&#8221;sg-popup-id-39936&#8243;][\/vc_column][\/vc_row][vc_row ftw_align_center_row=&#8221;true&#8221;][vc_column css_animation=&#8221;bottom-to-top&#8221;][vc_empty_space height=&#8221;50px&#8221;][\/vc_column][\/vc_row][vc_row ftw_align_center_row=&#8221;true&#8221;][vc_column css_animation=&#8221;bottom-to-top&#8221; width=&#8221;1\/2&#8243;][vc_single_image image=&#8221;38322&#8243; img_size=&#8221;full&#8221; alignment=&#8221;center&#8221; css=&#8221;&#8221; ftw_cta_position=&#8221;center&#8221;][\/vc_column][vc_column width=&#8221;1\/2&#8243;][vc_column_text css=&#8221;&#8221;]<\/p>\n<h2>T\u00e4vla med live leaderboards<\/h2>\n<p>Med hj\u00e4lp av leaderboards och smarta po\u00e4ngber\u00e4kningar kan vi l\u00e5ta deltagarna t\u00e4vla p\u00e5 ett roligt s\u00e4tt och visa po\u00e4ngen live p\u00e5 LCD-sk\u00e4rmar eller surfplattor. Vi har l\u00e5ng erfarenhet av att skapa spelbaserade l\u00f6sningar f\u00f6r f\u00f6retag, och vet vad som kr\u00e4vs f\u00f6r en lyckad leverans.[\/vc_column_text][\/vc_column][\/vc_row][vc_row][vc_column][vc_empty_space height=&#8221;30px&#8221;][\/vc_column][\/vc_row][\/vc_section][vc_section ftw_bg_colour=&#8221;bg&#8211;grey&#8221; el_class=&#8221;vc_hidden-lg vc_hidden-md rounded-images&#8221;][vc_row][vc_column][vc_empty_space height=&#8221;45px&#8221;][\/vc_column][\/vc_row][vc_row css_animation=&#8221;bottom-to-top&#8221; ftw_align_center_row=&#8221;true&#8221; el_class=&#8221;vc_hidden-lg vc_hidden-md&#8221;][vc_column][vc_column_text css=&#8221;&#8221;]<\/p>\n<h2 style=\"font-size: 37px !important; text-align: center;\">Varf\u00f6r v\u00e4lja oss?<\/h2>\n<p>[\/vc_column_text][\/vc_column][\/vc_row][vc_row][vc_column][vc_empty_space height=&#8221;20px&#8221;][\/vc_column][\/vc_row][vc_row css_animation=&#8221;none&#8221; ftw_align_center_row=&#8221;true&#8221;][vc_column width=&#8221;1\/2&#8243;]\n            <div class=\"auto auto-video style-standard\">\n              <div class=\"pos-vc\">\n                <div class=\"container\">\n                  <div class=\"row\">\n                      <div class=\"col-sm-12\">[vc_empty_space height=&#8221;220px&#8221;]<\/div>\n                  <\/div>\n                <\/div>\n              <\/div>\n              <div class=\"background-image-holder\">\n                <video style=\"display: block; margin: auto; width: 90%; border-radius:10px;\" autoplay=\"\" loop=\"\" muted=\"\" playsinline=\"\" >\n                  <source src=\"\" type=\"video\/webm\">\n                  <source src=\"https:\/\/www.doubleflow.com\/wp-content\/uploads\/2024\/09\/Beat-the-Hacker-Cybersecurity-Escape-Room-for-web-for-events-no-subs-2.mp4\" type=\"video\/mp4\">\n                <\/video>\n                \n              <\/div>\n            <\/div>\n          [\/vc_column][vc_column width=&#8221;1\/2&#8243;][vc_empty_space height=&#8221;20px&#8221;][vc_column_text css=&#8221;&#8221;]<\/p>\n<h3>Roligt och engagerande<\/h3>\n<p>ESCAPE \u00e4r interaktivt, t\u00e4vlingsinriktat och utmanande, vilket skapar intresse f\u00f6r er monter och det ni vill f\u00f6rmedla.[\/vc_column_text][vc_empty_space height=&#8221;40px&#8221;][\/vc_column][\/vc_row][vc_row css_animation=&#8221;none&#8221; ftw_align_center_row=&#8221;true&#8221;][vc_column width=&#8221;1\/2&#8243;][vc_single_image image=&#8221;37137&#8243; img_size=&#8221;full&#8221; alignment=&#8221;center&#8221; css=&#8221;&#8221;][\/vc_column][vc_column width=&#8221;1\/2&#8243;][vc_empty_space height=&#8221;20px&#8221;][vc_column_text css=&#8221;&#8221;]<\/p>\n<h3>On-brand Experience<\/h3>\n<p>Vi skr\u00e4ddarsyr upplevelsen med era f\u00e4rger, logo, varum\u00e4rkesidentitet och v\u00e4ver in produkter eller tj\u00e4nster p\u00e5 ett sp\u00e4nnande s\u00e4tt.[\/vc_column_text][vc_empty_space height=&#8221;30px&#8221;][\/vc_column][\/vc_row][vc_row css_animation=&#8221;none&#8221; ftw_align_center_row=&#8221;true&#8221;][vc_column width=&#8221;1\/2&#8243;][vc_single_image image=&#8221;40781&#8243; img_size=&#8221;full&#8221; alignment=&#8221;center&#8221; css=&#8221;&#8221;][\/vc_column][vc_column width=&#8221;1\/2&#8243;][vc_empty_space height=&#8221;20px&#8221;][vc_column_text css=&#8221;&#8221;]<\/p>\n<h3>L\u00e4tt att k\u00f6ra<\/h3>\n<p>&#8211; Starta med ett klick<br \/>\n&#8211; K\u00f6rs online p\u00e5 browser<br \/>\n&#8211; Live leaderboards och datainsamling[\/vc_column_text][vc_empty_space height=&#8221;30px&#8221;][\/vc_column][\/vc_row][\/vc_section][vc_row][vc_column css_animation=&#8221;bottom-to-top&#8221;]\n\n            <div class=\"form-1-block form-block vc_panel\">\n\n                <div class=\"form-1-block-inner\" style=\"height:\">\n\n\n\n                    <div class=\"row\">\n\n                        <div class=\"col-lg-4 form-content\">\n                            <h4>Boka en 30 min demo<\/h4>\n\n                            \n\n\n\n                            <div><script charset=\"utf-8\" type=\"text\/javascript\" src=\"\/\/js-eu1.hsforms.net\/forms\/embed\/v2.js\"><\/script>\r\n<script>\r\n  hbspt.forms.create({\r\n    portalId: \"143572013\",\r\n    formId: \"daa919ef-5abb-4e0c-bc46-e207c26ac87f\"\r\n  });\r\n<\/script><\/div>\n\n                        <\/div>\n\n                    <\/div>\n\n                <\/div>\n\n                <div class=\"background-image-holder\"  data-opacity=\"\">\n\n                    <img loading=\"lazy\" decoding=\"async\" width=\"1920\" height=\"1280\" src=\"https:\/\/www.greenhatgames.com\/wp-content\/uploads\/2023\/10\/AdobeStock_455867179_small-e1698092177713.jpg\" class=\"attachment-full size-full\" alt=\"b2b product launch event for pharma\" \/>\n                    <div class=\"content-wrapper \" style=\"max-width:%;\">\n                        \n                    <\/div>\n                <\/div>\n\n            <\/div>\n\n          [\/vc_column][\/vc_row][vc_row][vc_column][vc_empty_space height=&#8221;100px&#8221;][\/vc_column][\/vc_row]<\/p>\n<\/div>","protected":false},"excerpt":{"rendered":"<p>[vc_section ftw_bg_colour=&#8221;bg&#8211;grey&#8221;][vc_row full_width=&#8221;stretch_row&#8221; el_class=&#8221;vc_visible vc_hidden-sm vc_hidden-xs&#8221;][vc_column][\/vc_column][\/vc_row][vc_row ftw_align_center_row=&#8221;true&#8221; el_class=&#8221;vc_hidden-sm vc_hidden-xs&#8221;][vc_column css_animation=&#8221;bottom-to-top&#8221;][vc_empty_space height=&#8221;25px&#8221;][vc_column_text css=&#8221;&#8221;] Engagera monterbes\u00f6karna med ett Interaktivt Escape Room. Skr\u00e4ddarsydda utmaningar, l\u00e4tt att k\u00f6ra och s\u00e4ker insamling av data. [\/vc_column_text][vc_empty_space height=&#8221;25px&#8221;][\/vc_column][\/vc_row][vc_row el_class=&#8221;vc_hidden-lg vc_hidden-md&#8221;][vc_column][\/vc_column][\/vc_row][vc_row ftw_align_center_row=&#8221;true&#8221; el_class=&#8221;vc_hidden-lg vc_hidden-md&#8221;][vc_column css_animation=&#8221;bottom-to-top&#8221;][vc_empty_space height=&#8221;50px&#8221;][vc_column_text css=&#8221;&#8221;] Engagera monterbes\u00f6karna med ett Interaktivt Escape Room. Skr\u00e4ddarsydda utmaningar, l\u00e4tt att k\u00f6ra och s\u00e4ker insamling av data. [\/vc_column_text][vc_empty_space height=&#8221;50px&#8221;][\/vc_column][\/vc_row][\/vc_section][vc_section el_class=&#8221;rounded-images&#8221;][vc_row ftw_align_center_row=&#8221;true&#8221;][vc_column&#8230;<\/p>\n","protected":false},"author":2,"featured_media":0,"parent":0,"menu_order":5,"comment_status":"closed","ping_status":"closed","template":"","meta":{"_acf_changed":false,"inline_featured_image":false,"footnotes":""},"class_list":["post-40760","page","type-page","status-publish","hentry"],"acf":[],"yoast_head":"<!-- This site is optimized with the Yoast SEO plugin v27.2 - https:\/\/yoast.com\/product\/yoast-seo-wordpress\/ -->\n<title>ESCAPE - Digitala Escape Rooms f\u00f6r M\u00e4ssor - Green Hat Games<\/title>\n<meta name=\"description\" content=\"Engagera bes\u00f6karna i er m\u00e4ssmonter med Interaktiva Escape Rooms. L\u00e4tt att k\u00f6ra, skr\u00e4ddarsytt inneh\u00e5ll och s\u00e4ker insamling av data.\" \/>\n<meta name=\"robots\" content=\"index, follow, max-snippet:-1, max-image-preview:large, max-video-preview:-1\" \/>\n<link rel=\"canonical\" href=\"https:\/\/www.greenhatgames.com\/sv\/escape-room-for-massor\/\" \/>\n<meta property=\"og:locale\" content=\"sv_SE\" \/>\n<meta property=\"og:type\" content=\"article\" \/>\n<meta property=\"og:title\" content=\"ESCAPE - Digitala Escape Rooms f\u00f6r M\u00e4ssor - Green Hat Games\" \/>\n<meta property=\"og:description\" content=\"Engagera bes\u00f6karna i er m\u00e4ssmonter med Interaktiva Escape Rooms. L\u00e4tt att k\u00f6ra, skr\u00e4ddarsytt inneh\u00e5ll och s\u00e4ker insamling av data.\" \/>\n<meta property=\"og:url\" content=\"https:\/\/www.greenhatgames.com\/sv\/escape-room-for-massor\/\" \/>\n<meta property=\"og:site_name\" content=\"Green Hat Games\" \/>\n<meta property=\"article:modified_time\" content=\"2025-04-10T08:12:45+00:00\" \/>\n<meta name=\"twitter:card\" content=\"summary_large_image\" \/>\n<meta name=\"twitter:label1\" content=\"Ber\u00e4knad l\u00e4stid\" \/>\n\t<meta name=\"twitter:data1\" content=\"4 minuter\" \/>\n<script type=\"application\/ld+json\" class=\"yoast-schema-graph\">{\"@context\":\"https:\/\/schema.org\",\"@graph\":[{\"@type\":\"WebPage\",\"@id\":\"https:\/\/www.greenhatgames.com\/sv\/escape-room-for-massor\/\",\"url\":\"https:\/\/www.greenhatgames.com\/sv\/escape-room-for-massor\/\",\"name\":\"ESCAPE - Digitala Escape Rooms f\u00f6r M\u00e4ssor - Green Hat Games\",\"isPartOf\":{\"@id\":\"https:\/\/www.greenhatgames.com\/sv\/#website\"},\"datePublished\":\"2024-10-24T11:41:55+00:00\",\"dateModified\":\"2025-04-10T08:12:45+00:00\",\"description\":\"Engagera bes\u00f6karna i er m\u00e4ssmonter med Interaktiva Escape Rooms. L\u00e4tt att k\u00f6ra, skr\u00e4ddarsytt inneh\u00e5ll och s\u00e4ker insamling av data.\",\"breadcrumb\":{\"@id\":\"https:\/\/www.greenhatgames.com\/sv\/escape-room-for-massor\/#breadcrumb\"},\"inLanguage\":\"sv-SE\",\"potentialAction\":[{\"@type\":\"ReadAction\",\"target\":[\"https:\/\/www.greenhatgames.com\/sv\/escape-room-for-massor\/\"]}]},{\"@type\":\"BreadcrumbList\",\"@id\":\"https:\/\/www.greenhatgames.com\/sv\/escape-room-for-massor\/#breadcrumb\",\"itemListElement\":[{\"@type\":\"ListItem\",\"position\":1,\"name\":\"Home\",\"item\":\"https:\/\/www.greenhatgames.com\/sv\/\"},{\"@type\":\"ListItem\",\"position\":2,\"name\":\"ESCAPE &#8211; Digitala Escape Rooms f\u00f6r M\u00e4ssor\"}]},{\"@type\":\"WebSite\",\"@id\":\"https:\/\/www.greenhatgames.com\/sv\/#website\",\"url\":\"https:\/\/www.greenhatgames.com\/sv\/\",\"name\":\"Green Hat Games\",\"description\":\"Virtual Team Building\",\"potentialAction\":[{\"@type\":\"SearchAction\",\"target\":{\"@type\":\"EntryPoint\",\"urlTemplate\":\"https:\/\/www.greenhatgames.com\/sv\/?s={search_term_string}\"},\"query-input\":{\"@type\":\"PropertyValueSpecification\",\"valueRequired\":true,\"valueName\":\"search_term_string\"}}],\"inLanguage\":\"sv-SE\"}]}<\/script>\n<!-- \/ Yoast SEO plugin. -->","yoast_head_json":{"title":"ESCAPE - Digitala Escape Rooms f\u00f6r M\u00e4ssor - Green Hat Games","description":"Engagera bes\u00f6karna i er m\u00e4ssmonter med Interaktiva Escape Rooms. L\u00e4tt att k\u00f6ra, skr\u00e4ddarsytt inneh\u00e5ll och s\u00e4ker insamling av data.","robots":{"index":"index","follow":"follow","max-snippet":"max-snippet:-1","max-image-preview":"max-image-preview:large","max-video-preview":"max-video-preview:-1"},"canonical":"https:\/\/www.greenhatgames.com\/sv\/escape-room-for-massor\/","og_locale":"sv_SE","og_type":"article","og_title":"ESCAPE - Digitala Escape Rooms f\u00f6r M\u00e4ssor - Green Hat Games","og_description":"Engagera bes\u00f6karna i er m\u00e4ssmonter med Interaktiva Escape Rooms. L\u00e4tt att k\u00f6ra, skr\u00e4ddarsytt inneh\u00e5ll och s\u00e4ker insamling av data.","og_url":"https:\/\/www.greenhatgames.com\/sv\/escape-room-for-massor\/","og_site_name":"Green Hat Games","article_modified_time":"2025-04-10T08:12:45+00:00","twitter_card":"summary_large_image","twitter_misc":{"Ber\u00e4knad l\u00e4stid":"4 minuter"},"schema":{"@context":"https:\/\/schema.org","@graph":[{"@type":"WebPage","@id":"https:\/\/www.greenhatgames.com\/sv\/escape-room-for-massor\/","url":"https:\/\/www.greenhatgames.com\/sv\/escape-room-for-massor\/","name":"ESCAPE - Digitala Escape Rooms f\u00f6r M\u00e4ssor - Green Hat Games","isPartOf":{"@id":"https:\/\/www.greenhatgames.com\/sv\/#website"},"datePublished":"2024-10-24T11:41:55+00:00","dateModified":"2025-04-10T08:12:45+00:00","description":"Engagera bes\u00f6karna i er m\u00e4ssmonter med Interaktiva Escape Rooms. L\u00e4tt att k\u00f6ra, skr\u00e4ddarsytt inneh\u00e5ll och s\u00e4ker insamling av data.","breadcrumb":{"@id":"https:\/\/www.greenhatgames.com\/sv\/escape-room-for-massor\/#breadcrumb"},"inLanguage":"sv-SE","potentialAction":[{"@type":"ReadAction","target":["https:\/\/www.greenhatgames.com\/sv\/escape-room-for-massor\/"]}]},{"@type":"BreadcrumbList","@id":"https:\/\/www.greenhatgames.com\/sv\/escape-room-for-massor\/#breadcrumb","itemListElement":[{"@type":"ListItem","position":1,"name":"Home","item":"https:\/\/www.greenhatgames.com\/sv\/"},{"@type":"ListItem","position":2,"name":"ESCAPE &#8211; Digitala Escape Rooms f\u00f6r M\u00e4ssor"}]},{"@type":"WebSite","@id":"https:\/\/www.greenhatgames.com\/sv\/#website","url":"https:\/\/www.greenhatgames.com\/sv\/","name":"Green Hat Games","description":"Virtual Team Building","potentialAction":[{"@type":"SearchAction","target":{"@type":"EntryPoint","urlTemplate":"https:\/\/www.greenhatgames.com\/sv\/?s={search_term_string}"},"query-input":{"@type":"PropertyValueSpecification","valueRequired":true,"valueName":"search_term_string"}}],"inLanguage":"sv-SE"}]}},"_links":{"self":[{"href":"https:\/\/www.greenhatgames.com\/sv\/wp-json\/wp\/v2\/pages\/40760","targetHints":{"allow":["GET"]}}],"collection":[{"href":"https:\/\/www.greenhatgames.com\/sv\/wp-json\/wp\/v2\/pages"}],"about":[{"href":"https:\/\/www.greenhatgames.com\/sv\/wp-json\/wp\/v2\/types\/page"}],"author":[{"embeddable":true,"href":"https:\/\/www.greenhatgames.com\/sv\/wp-json\/wp\/v2\/users\/2"}],"replies":[{"embeddable":true,"href":"https:\/\/www.greenhatgames.com\/sv\/wp-json\/wp\/v2\/comments?post=40760"}],"version-history":[{"count":25,"href":"https:\/\/www.greenhatgames.com\/sv\/wp-json\/wp\/v2\/pages\/40760\/revisions"}],"predecessor-version":[{"id":41176,"href":"https:\/\/www.greenhatgames.com\/sv\/wp-json\/wp\/v2\/pages\/40760\/revisions\/41176"}],"wp:attachment":[{"href":"https:\/\/www.greenhatgames.com\/sv\/wp-json\/wp\/v2\/media?parent=40760"}],"curies":[{"name":"wp","href":"https:\/\/api.w.org\/{rel}","templated":true}]}}