{"id":28544,"date":"2021-01-27T14:07:05","date_gmt":"2021-01-27T14:07:05","guid":{"rendered":"https:\/\/dglynb4o6f.onrocket.site\/thank-you-enquiry\/"},"modified":"2021-10-14T08:40:30","modified_gmt":"2021-10-14T08:40:30","slug":"thank-you-sv","status":"publish","type":"page","link":"https:\/\/www.greenhatgames.com\/sv\/thank-you-sv\/","title":{"rendered":"Thank you SV"},"content":{"rendered":"<div class=\"wpb-content-wrapper\"><p>[vc_row full_width=&#8221;stretch_row&#8221;][vc_column]\n            <div class=\"hero  style-standard\">\n              <div class=\"pos-vc\">\n                <div class=\"container\">\n                  <div class=\"row\">\n                      <div class=\"col-sm-12\">[vc_column_text]<\/p>\n<h1 style=\"text-align: center;\">Tack! Vi kommer att kontakta dig inom kort.<\/h1>\n<h3 style=\"text-align: center;\">Om du inte har f\u00e5tt svar fr\u00e5n oss inom ett par timmar, v\u00e4nligen titta i din skr\u00e4ppostmapp.<\/h3>\n<p>[\/vc_column_text]<\/div>\n                  <\/div>\n                <\/div>\n              <\/div>\n              <div class=\"background-image-holder\" data-opacity=\"\">\n                <img loading=\"lazy\" decoding=\"async\" width=\"1500\" height=\"1000\" src=\"https:\/\/www.greenhatgames.com\/wp-content\/uploads\/2021\/04\/shutterstock_654406453_small_dark.jpg\" class=\"attachment-full size-full\" alt=\"\" srcset=\"https:\/\/www.greenhatgames.com\/wp-content\/uploads\/2021\/04\/shutterstock_654406453_small_dark.jpg 1500w, https:\/\/www.greenhatgames.com\/wp-content\/uploads\/2021\/04\/shutterstock_654406453_small_dark-300x200.jpg 300w, https:\/\/www.greenhatgames.com\/wp-content\/uploads\/2021\/04\/shutterstock_654406453_small_dark-1024x683.jpg 1024w, https:\/\/www.greenhatgames.com\/wp-content\/uploads\/2021\/04\/shutterstock_654406453_small_dark-768x512.jpg 768w\" sizes=\"auto, (max-width: 1500px) 100vw, 1500px\" \/>\n              <\/div>\n            <\/div>\n          [\/vc_column][\/vc_row]<\/p>\n<\/div>","protected":false},"excerpt":{"rendered":"<p>[vc_row full_width=&#8221;stretch_row&#8221;][vc_column][\/vc_column][\/vc_row]<\/p>\n","protected":false},"author":2,"featured_media":0,"parent":0,"menu_order":145,"comment_status":"closed","ping_status":"closed","template":"","meta":{"_acf_changed":false,"inline_featured_image":false,"footnotes":""},"class_list":["post-28544","page","type-page","status-publish","hentry"],"acf":[],"yoast_head":"<!-- This site is optimized with the Yoast SEO plugin v27.3 - https:\/\/yoast.com\/product\/yoast-seo-wordpress\/ -->\n<title>Online Teambuilding - Tack - Allm\u00e4nna f\u00f6rfr\u00e5gningar<\/title>\n<meta name=\"description\" content=\"Vi \u00e4r experter p\u00e5 Online Teambuilding. V\u00e5ra spel \u00e4r skapta f\u00f6r att g\u00f6ra digitala m\u00f6ten mer engagerande och roliga.\" \/>\n<meta name=\"robots\" content=\"index, follow, max-snippet:-1, max-image-preview:large, max-video-preview:-1\" \/>\n<link rel=\"canonical\" href=\"https:\/\/www.greenhatgames.com\/sv\/thank-you-sv\/\" \/>\n<meta property=\"og:locale\" content=\"sv_SE\" \/>\n<meta property=\"og:type\" content=\"article\" \/>\n<meta property=\"og:title\" content=\"Online Teambuilding - Tack - Allm\u00e4nna f\u00f6rfr\u00e5gningar\" \/>\n<meta property=\"og:description\" content=\"Vi \u00e4r experter p\u00e5 Online Teambuilding. V\u00e5ra spel \u00e4r skapta f\u00f6r att g\u00f6ra digitala m\u00f6ten mer engagerande och roliga.\" \/>\n<meta property=\"og:url\" content=\"https:\/\/www.greenhatgames.com\/sv\/thank-you-sv\/\" \/>\n<meta property=\"og:site_name\" content=\"Green Hat Games\" \/>\n<meta property=\"article:modified_time\" content=\"2021-10-14T08:40:30+00:00\" \/>\n<meta name=\"twitter:card\" content=\"summary_large_image\" \/>\n<meta name=\"twitter:label1\" content=\"Ber\u00e4knad l\u00e4stid\" \/>\n\t<meta name=\"twitter:data1\" content=\"1 minut\" \/>\n<script type=\"application\/ld+json\" class=\"yoast-schema-graph\">{\"@context\":\"https:\\\/\\\/schema.org\",\"@graph\":[{\"@type\":\"WebPage\",\"@id\":\"https:\\\/\\\/www.greenhatgames.com\\\/sv\\\/thank-you-sv\\\/\",\"url\":\"https:\\\/\\\/www.greenhatgames.com\\\/sv\\\/thank-you-sv\\\/\",\"name\":\"Online Teambuilding - Tack - Allm\u00e4nna f\u00f6rfr\u00e5gningar\",\"isPartOf\":{\"@id\":\"https:\\\/\\\/www.greenhatgames.com\\\/sv\\\/#website\"},\"datePublished\":\"2021-01-27T14:07:05+00:00\",\"dateModified\":\"2021-10-14T08:40:30+00:00\",\"description\":\"Vi \u00e4r experter p\u00e5 Online Teambuilding. V\u00e5ra spel \u00e4r skapta f\u00f6r att g\u00f6ra digitala m\u00f6ten mer engagerande och roliga.\",\"breadcrumb\":{\"@id\":\"https:\\\/\\\/www.greenhatgames.com\\\/sv\\\/thank-you-sv\\\/#breadcrumb\"},\"inLanguage\":\"sv-SE\",\"potentialAction\":[{\"@type\":\"ReadAction\",\"target\":[\"https:\\\/\\\/www.greenhatgames.com\\\/sv\\\/thank-you-sv\\\/\"]}]},{\"@type\":\"BreadcrumbList\",\"@id\":\"https:\\\/\\\/www.greenhatgames.com\\\/sv\\\/thank-you-sv\\\/#breadcrumb\",\"itemListElement\":[{\"@type\":\"ListItem\",\"position\":1,\"name\":\"Home\",\"item\":\"https:\\\/\\\/www.greenhatgames.com\\\/sv\\\/\"},{\"@type\":\"ListItem\",\"position\":2,\"name\":\"Thank you SV\"}]},{\"@type\":\"WebSite\",\"@id\":\"https:\\\/\\\/www.greenhatgames.com\\\/sv\\\/#website\",\"url\":\"https:\\\/\\\/www.greenhatgames.com\\\/sv\\\/\",\"name\":\"Green Hat Games\",\"description\":\"Virtual Team Building\",\"potentialAction\":[{\"@type\":\"SearchAction\",\"target\":{\"@type\":\"EntryPoint\",\"urlTemplate\":\"https:\\\/\\\/www.greenhatgames.com\\\/sv\\\/?s={search_term_string}\"},\"query-input\":{\"@type\":\"PropertyValueSpecification\",\"valueRequired\":true,\"valueName\":\"search_term_string\"}}],\"inLanguage\":\"sv-SE\"}]}<\/script>\n<!-- \/ Yoast SEO plugin. -->","yoast_head_json":{"title":"Online Teambuilding - Tack - Allm\u00e4nna f\u00f6rfr\u00e5gningar","description":"Vi \u00e4r experter p\u00e5 Online Teambuilding. V\u00e5ra spel \u00e4r skapta f\u00f6r att g\u00f6ra digitala m\u00f6ten mer engagerande och roliga.","robots":{"index":"index","follow":"follow","max-snippet":"max-snippet:-1","max-image-preview":"max-image-preview:large","max-video-preview":"max-video-preview:-1"},"canonical":"https:\/\/www.greenhatgames.com\/sv\/thank-you-sv\/","og_locale":"sv_SE","og_type":"article","og_title":"Online Teambuilding - Tack - Allm\u00e4nna f\u00f6rfr\u00e5gningar","og_description":"Vi \u00e4r experter p\u00e5 Online Teambuilding. V\u00e5ra spel \u00e4r skapta f\u00f6r att g\u00f6ra digitala m\u00f6ten mer engagerande och roliga.","og_url":"https:\/\/www.greenhatgames.com\/sv\/thank-you-sv\/","og_site_name":"Green Hat Games","article_modified_time":"2021-10-14T08:40:30+00:00","twitter_card":"summary_large_image","twitter_misc":{"Ber\u00e4knad l\u00e4stid":"1 minut"},"schema":{"@context":"https:\/\/schema.org","@graph":[{"@type":"WebPage","@id":"https:\/\/www.greenhatgames.com\/sv\/thank-you-sv\/","url":"https:\/\/www.greenhatgames.com\/sv\/thank-you-sv\/","name":"Online Teambuilding - Tack - Allm\u00e4nna f\u00f6rfr\u00e5gningar","isPartOf":{"@id":"https:\/\/www.greenhatgames.com\/sv\/#website"},"datePublished":"2021-01-27T14:07:05+00:00","dateModified":"2021-10-14T08:40:30+00:00","description":"Vi \u00e4r experter p\u00e5 Online Teambuilding. V\u00e5ra spel \u00e4r skapta f\u00f6r att g\u00f6ra digitala m\u00f6ten mer engagerande och roliga.","breadcrumb":{"@id":"https:\/\/www.greenhatgames.com\/sv\/thank-you-sv\/#breadcrumb"},"inLanguage":"sv-SE","potentialAction":[{"@type":"ReadAction","target":["https:\/\/www.greenhatgames.com\/sv\/thank-you-sv\/"]}]},{"@type":"BreadcrumbList","@id":"https:\/\/www.greenhatgames.com\/sv\/thank-you-sv\/#breadcrumb","itemListElement":[{"@type":"ListItem","position":1,"name":"Home","item":"https:\/\/www.greenhatgames.com\/sv\/"},{"@type":"ListItem","position":2,"name":"Thank you SV"}]},{"@type":"WebSite","@id":"https:\/\/www.greenhatgames.com\/sv\/#website","url":"https:\/\/www.greenhatgames.com\/sv\/","name":"Green Hat Games","description":"Virtual Team Building","potentialAction":[{"@type":"SearchAction","target":{"@type":"EntryPoint","urlTemplate":"https:\/\/www.greenhatgames.com\/sv\/?s={search_term_string}"},"query-input":{"@type":"PropertyValueSpecification","valueRequired":true,"valueName":"search_term_string"}}],"inLanguage":"sv-SE"}]}},"_links":{"self":[{"href":"https:\/\/www.greenhatgames.com\/sv\/wp-json\/wp\/v2\/pages\/28544","targetHints":{"allow":["GET"]}}],"collection":[{"href":"https:\/\/www.greenhatgames.com\/sv\/wp-json\/wp\/v2\/pages"}],"about":[{"href":"https:\/\/www.greenhatgames.com\/sv\/wp-json\/wp\/v2\/types\/page"}],"author":[{"embeddable":true,"href":"https:\/\/www.greenhatgames.com\/sv\/wp-json\/wp\/v2\/users\/2"}],"replies":[{"embeddable":true,"href":"https:\/\/www.greenhatgames.com\/sv\/wp-json\/wp\/v2\/comments?post=28544"}],"version-history":[{"count":6,"href":"https:\/\/www.greenhatgames.com\/sv\/wp-json\/wp\/v2\/pages\/28544\/revisions"}],"predecessor-version":[{"id":29428,"href":"https:\/\/www.greenhatgames.com\/sv\/wp-json\/wp\/v2\/pages\/28544\/revisions\/29428"}],"wp:attachment":[{"href":"https:\/\/www.greenhatgames.com\/sv\/wp-json\/wp\/v2\/media?parent=28544"}],"curies":[{"name":"wp","href":"https:\/\/api.w.org\/{rel}","templated":true}]}}