{"id":22768,"date":"2019-01-15T10:34:09","date_gmt":"2019-01-15T10:34:09","guid":{"rendered":"https:\/\/dglynb4o6f.onrocket.site\/about\/"},"modified":"2022-10-05T10:16:52","modified_gmt":"2022-10-05T10:16:52","slug":"uber-uns","status":"publish","type":"page","link":"https:\/\/www.greenhatgames.com\/de\/uber-uns\/","title":{"rendered":"\u00dcber uns"},"content":{"rendered":"<div class=\"wpb-content-wrapper\"><p>[vc_row full_width=&#8220;stretch_row&#8220;][vc_column]\n            <div class=\"hero  style-standard\">\n              <div class=\"pos-vc\">\n                <div class=\"container\">\n                  <div class=\"row\">\n                      <div class=\"col-sm-12\">[vc_column_text]<\/p>\n<h1 style=\"text-align: center;\">Wir bringen Spa\u00df ins Home Office!<\/h1>\n<p>[\/vc_column_text]<\/div>\n                  <\/div>\n                <\/div>\n              <\/div>\n              <div class=\"background-image-holder\" data-opacity=\"\">\n                <img loading=\"lazy\" decoding=\"async\" width=\"1920\" height=\"1036\" src=\"https:\/\/www.greenhatgames.com\/wp-content\/uploads\/2021\/01\/shutterstock_1489885022_small_dark.jpg\" class=\"attachment-full size-full\" alt=\"Employee Engagement Experts\" srcset=\"https:\/\/www.greenhatgames.com\/wp-content\/uploads\/2021\/01\/shutterstock_1489885022_small_dark.jpg 1920w, https:\/\/www.greenhatgames.com\/wp-content\/uploads\/2021\/01\/shutterstock_1489885022_small_dark-300x162.jpg 300w, https:\/\/www.greenhatgames.com\/wp-content\/uploads\/2021\/01\/shutterstock_1489885022_small_dark-1024x553.jpg 1024w, https:\/\/www.greenhatgames.com\/wp-content\/uploads\/2021\/01\/shutterstock_1489885022_small_dark-768x414.jpg 768w, https:\/\/www.greenhatgames.com\/wp-content\/uploads\/2021\/01\/shutterstock_1489885022_small_dark-1536x829.jpg 1536w\" sizes=\"auto, (max-width: 1920px) 100vw, 1920px\" \/>\n              <\/div>\n            <\/div>\n          [\/vc_column][\/vc_row][vc_section el_class=&#8220;game-info rounded-images&#8220;][vc_row ftw_align_center_row=&#8220;true&#8220;][vc_column css_animation=&#8220;bottom-to-top&#8220; width=&#8220;1\/2&#8243;][vc_single_image image=&#8220;20128&#8243; img_size=&#8220;full&#8220; alignment=&#8220;center&#8220;][\/vc_column][vc_column width=&#8220;1\/2&#8243;][vc_column_text]<\/p>\n<h2>Ihre Experten f\u00fcr Online Teambuilding<\/h2>\n<p>Wir entwickeln seit \u00fcber 10 Jahren digitale Spiele f\u00fcr Teams aus der Welt der Unternehmen. Unsere Online Teambuilding-Angebote lassen sich perfekt auf der Videokonferenz-Plattform Ihrer Wahl, z.B. Zoom oder MS Teams, spielen.[\/vc_column_text][\/vc_column][\/vc_row][vc_row ftw_align_center_row=&#8220;true&#8220; ftw_reverse_order=&#8220;true&#8220;][vc_column width=&#8220;1\/2&#8243;][vc_column_text]<\/p>\n<h2>Warum wir?<\/h2>\n<p>Spa\u00df-Faktor, Nutzerfreundlichkeit und Mitarbeiterbindung sind die Grundlagen aller unserer Spiele. Da unsere Technologie in einem Browser genutzt wird, ben\u00f6tigt es auch keine Downloads.[\/vc_column_text][\/vc_column][vc_column css_animation=&#8220;bottom-to-top&#8220; width=&#8220;1\/2&#8243;][vc_single_image image=&#8220;22360&#8243; img_size=&#8220;full&#8220; alignment=&#8220;center&#8220;][\/vc_column][\/vc_row][vc_row ftw_align_center_row=&#8220;true&#8220;][vc_column css_animation=&#8220;bottom-to-top&#8220; width=&#8220;1\/2&#8243;][vc_single_image image=&#8220;22358&#8243; img_size=&#8220;full&#8220; alignment=&#8220;center&#8220;][\/vc_column][vc_column width=&#8220;1\/2&#8243;][vc_column_text]<\/p>\n<h2>Teil von Doubleflow, den Experten in Mitarbeiterbindung<\/h2>\n<p>Green Hat Games ist der Zweig f\u00fcr Online-Spiele von Doubleflow. Wir sind auf Mitarbeiterbindung &amp; -kommunikation im Unternehmen spezialisiert durch neueste Technologie und dem Spiele-Ansatz. Unsere Expertise reicht von von <a href=\"https:\/\/www.doubleflow.com\/\" target=\"_blank\" rel=\"noopener noreferrer\">Online Onboarding L\u00f6sungen<\/a> und <a href=\"https:\/\/www.doubleflow.com\/core-values-implementation\/\" target=\"_blank\" rel=\"noopener noreferrer\">Implementierung von Firmenwerten<\/a>. Finden Sie <a href=\"https:\/\/www.greenhatpeople.com\/uk\" target=\"_blank\" rel=\"noopener noreferrer\">hier<\/a> weitere Information \u00fcber Doubleflow.[\/vc_column_text][\/vc_column][\/vc_row][vc_row ftw_align_center_row=&#8220;true&#8220;][vc_column width=&#8220;1\/2&#8243;][vc_column_text]<\/p>\n<h2>Unser Team<\/h2>\n<p>Wir besch\u00e4ftigen 40 Mitarbeiter, die sich mit Begeisterung f\u00fcr unsere Kunden weltweit einsetzen. Sie sitzen in sieben Regionalb\u00fcros in Amerika und Europa und freuen sich auf Ihre Nachricht!<\/p>\n<p><a href=\"\/de\/kontakt\/\">Hier finden Sie wie Sie mit uns in Kontakt treten k\u00f6nnen.<\/a>[\/vc_column_text][\/vc_column][vc_column css_animation=&#8220;bottom-to-top&#8220; width=&#8220;1\/2&#8243;][vc_single_image image=&#8220;22786&#8243; img_size=&#8220;full&#8220; alignment=&#8220;center&#8220;][\/vc_column][\/vc_row][vc_row ftw_align_center_row=&#8220;true&#8220; ftw_reverse_order=&#8220;true&#8220;][vc_column css_animation=&#8220;bottom-to-top&#8220; width=&#8220;1\/2&#8243;][vc_single_image image=&#8220;23779&#8243; img_size=&#8220;full&#8220; alignment=&#8220;center&#8220;][\/vc_column][vc_column width=&#8220;1\/2&#8243;][vc_column_text]<\/p>\n<h2>Unsere Erfolge<\/h2>\n<p>Mehr als 8,000 Unternehmen und +1,000,000 Mitarbeiter haben unsere L\u00f6sungen bereits erfolgreich genutzt. Unsere Rate f\u00fcr Weiterempfehlungen liegt bei 97%.[\/vc_column_text][\/vc_column][\/vc_row][vc_row ftw_align_center_row=&#8220;true&#8220;][\/vc_row][vc_row ftw_align_center_row=&#8220;true&#8220;][vc_column width=&#8220;1\/2&#8243;][vc_column_text]<\/p>\n<h2>Das F\u00fchrungsteam<\/h2>\n<p>Green Hat People wurde von <a href=\"https:\/\/www.linkedin.com\/in\/niklastyllstrom\/\">Niklas Tyllstr\u00f6m<\/a> und <a href=\"https:\/\/www.linkedin.com\/in\/eriksandgren\/\">Erik Sandgren<\/a>, <a href=\"https:\/\/www.linkedin.com\/in\/magnus-thylander-95bb85\/\">Magnus Thylander<\/a> und <a href=\"https:\/\/www.linkedin.com\/in\/peter-svanfelt-ab214a4\/\">Peter Svanfelt<\/a> gegr\u00fcndet.[\/vc_column_text][\/vc_column][vc_column css_animation=&#8220;bottom-to-top&#8220; width=&#8220;1\/2&#8243;][vc_single_image image=&#8220;22792&#8243; img_size=&#8220;full&#8220; alignment=&#8220;center&#8220;][\/vc_column][\/vc_row][\/vc_section][vc_row full_width=&#8220;stretch_row&#8220;][vc_column]\n\n            <div class=\"form-3-block form-block vc_panel\">\n\n                <div class=\"form-3-block-inner\" style=\"height:\">\n\n                    <div class=\"container\">\n\n                        <div class=\"row\">\n\n                            <div class=\"form-content\">\n\n                                <h4>Melden Sie noch heute bei uns!<\/h4>\n\n                                \n\n\n\n                                <div><script charset=\"utf-8\" type=\"text\/javascript\" src=\"\/\/js-eu1.hsforms.net\/forms\/embed\/v2.js\"><\/script>\r\n<script>\r\n  hbspt.forms.create({\r\n    portalId: \"143572013\",\r\n    formId: \"7c91bfa2-5111-4bca-a701-02ee5a1efd0e\"\r\n  });\r\n<\/script><\/div>\n\n                            <\/div>\n\n                        <\/div>\n\n                    <\/div>\n\n                <\/div>\n\n                <div class=\"background-image-holder\"  data-opacity=\"\">\n\n                    <img loading=\"lazy\" decoding=\"async\" width=\"1920\" height=\"1280\" src=\"https:\/\/www.greenhatgames.com\/wp-content\/uploads\/2022\/09\/Online-Team-Building-for-In-person-Events.jpg\" class=\"attachment-full size-full\" alt=\"Online Team Building for In-person Events\" srcset=\"https:\/\/www.greenhatgames.com\/wp-content\/uploads\/2022\/09\/Online-Team-Building-for-In-person-Events.jpg 1920w, https:\/\/www.greenhatgames.com\/wp-content\/uploads\/2022\/09\/Online-Team-Building-for-In-person-Events-300x200.jpg 300w, https:\/\/www.greenhatgames.com\/wp-content\/uploads\/2022\/09\/Online-Team-Building-for-In-person-Events-1024x683.jpg 1024w, https:\/\/www.greenhatgames.com\/wp-content\/uploads\/2022\/09\/Online-Team-Building-for-In-person-Events-768x512.jpg 768w, https:\/\/www.greenhatgames.com\/wp-content\/uploads\/2022\/09\/Online-Team-Building-for-In-person-Events-1536x1024.jpg 1536w\" sizes=\"auto, (max-width: 1920px) 100vw, 1920px\" \/>\n                    <div class=\"content-wrapper \" style=\"max-width:%;\">\n                        \n                    <\/div>\n                <\/div>\n\n            <\/div>\n\n          [\/vc_column][\/vc_row][vc_section ftw_bg_colour=&#8220;bg&#8211;grey&#8220; ftw_padding=&#8220;true&#8220; el_class=&#8220;game-info rounded-images&#8220; ftw_docs=&#8220;&#8220;][vc_row][vc_column][vc_column_text]<\/p>\n<h2 style=\"text-align: center;\">Warum wir die richtige Wahl sind?<\/h2>\n<p>[\/vc_column_text][\/vc_column][\/vc_row][vc_row][vc_column]\n          <div class=\"swiper-main \">\n            <div class=\"swiper-container grid-slider \">\n              <div class=\"swiper-wrapper\">\n                \n            <div class=\"swiper-slide\">\n              <div class=\"swiper-slide-wrap\">\n                <div class=\"image\">\n                  <img loading=\"lazy\" decoding=\"async\" width=\"1920\" height=\"1280\" src=\"https:\/\/www.greenhatgames.com\/wp-content\/uploads\/2021\/01\/All-star-3.jpg\" class=\"attachment-full size-full\" alt=\"All-star Challenge - Virtual Team Building\" srcset=\"https:\/\/www.greenhatgames.com\/wp-content\/uploads\/2021\/01\/All-star-3.jpg 1920w, https:\/\/www.greenhatgames.com\/wp-content\/uploads\/2021\/01\/All-star-3-300x200.jpg 300w, https:\/\/www.greenhatgames.com\/wp-content\/uploads\/2021\/01\/All-star-3-1024x683.jpg 1024w, https:\/\/www.greenhatgames.com\/wp-content\/uploads\/2021\/01\/All-star-3-768x512.jpg 768w, https:\/\/www.greenhatgames.com\/wp-content\/uploads\/2021\/01\/All-star-3-1536x1024.jpg 1536w\" sizes=\"auto, (max-width: 1920px) 100vw, 1920px\" \/>\n                <\/div>\n                <div class=\"content\">\n                  [vc_column_text]<\/p>\n<h4>Mitarbeiterbindung liegt uns am Herzen<\/h4>\n<p>Unser Bestreben ist es Ihnen zu helfen Ihre Mitarbeiter langfristig zu binden bei einfacher Nutzerfreundlichkeit.[\/vc_column_text]\n                <\/div>\n              <\/div>\n            <\/div>\n          \n            <div class=\"swiper-slide\">\n              <div class=\"swiper-slide-wrap\">\n                <div class=\"image\">\n                  <img loading=\"lazy\" decoding=\"async\" width=\"1150\" height=\"770\" src=\"https:\/\/www.greenhatgames.com\/wp-content\/uploads\/2020\/03\/jud-mackrill-Of_m3hMsoAA-small.jpg\" class=\"attachment-full size-full\" alt=\"\" srcset=\"https:\/\/www.greenhatgames.com\/wp-content\/uploads\/2020\/03\/jud-mackrill-Of_m3hMsoAA-small.jpg 1150w, https:\/\/www.greenhatgames.com\/wp-content\/uploads\/2020\/03\/jud-mackrill-Of_m3hMsoAA-small-300x201.jpg 300w, https:\/\/www.greenhatgames.com\/wp-content\/uploads\/2020\/03\/jud-mackrill-Of_m3hMsoAA-small-1024x686.jpg 1024w, https:\/\/www.greenhatgames.com\/wp-content\/uploads\/2020\/03\/jud-mackrill-Of_m3hMsoAA-small-768x514.jpg 768w\" sizes=\"auto, (max-width: 1150px) 100vw, 1150px\" \/>\n                <\/div>\n                <div class=\"content\">\n                  [vc_column_text]<\/p>\n<h4>Ihren W\u00fcnschen angepasst<\/h4>\n<p>Wir arbeiten nur mit Unternehmen und Organisationen. Daher sind alle Spiele mit dem Hintergedanken entwickelt worden um die Firmenkultur zu st\u00e4rken und die Kommunikation zwischen <span style=\"text-decoration: underline;\">allen Mitarbeitern<\/span> zu erleichtern.[\/vc_column_text]\n                <\/div>\n              <\/div>\n            <\/div>\n          \n            <div class=\"swiper-slide\">\n              <div class=\"swiper-slide-wrap\">\n                <div class=\"image\">\n                  <img loading=\"lazy\" decoding=\"async\" width=\"1500\" height=\"1000\" src=\"https:\/\/www.greenhatgames.com\/wp-content\/uploads\/2020\/08\/Web-app-2.jpg\" class=\"attachment-full size-full\" alt=\"Virtual Team Building - Woman playing a game\" srcset=\"https:\/\/www.greenhatgames.com\/wp-content\/uploads\/2020\/08\/Web-app-2.jpg 1500w, https:\/\/www.greenhatgames.com\/wp-content\/uploads\/2020\/08\/Web-app-2-300x200.jpg 300w, https:\/\/www.greenhatgames.com\/wp-content\/uploads\/2020\/08\/Web-app-2-1024x683.jpg 1024w, https:\/\/www.greenhatgames.com\/wp-content\/uploads\/2020\/08\/Web-app-2-768x512.jpg 768w\" sizes=\"auto, (max-width: 1500px) 100vw, 1500px\" \/>\n                <\/div>\n                <div class=\"content\">\n                  [vc_column_text]<\/p>\n<h4>+10 Jahre Erfahrung<\/h4>\n<p>Mit mehr als 1,000,000 Spielern, die unseren Service schon nutzten, wissen wir genau was funktioniert und was nicht.[\/vc_column_text]\n                <\/div>\n              <\/div>\n            <\/div>\n          \n            <div class=\"swiper-slide\">\n              <div class=\"swiper-slide-wrap\">\n                <div class=\"image\">\n                  <img loading=\"lazy\" decoding=\"async\" width=\"1280\" height=\"853\" src=\"https:\/\/www.greenhatgames.com\/wp-content\/uploads\/2021\/01\/All-star-1.jpg\" class=\"attachment-full size-full\" alt=\"Virtual Team Building\" srcset=\"https:\/\/www.greenhatgames.com\/wp-content\/uploads\/2021\/01\/All-star-1.jpg 1280w, https:\/\/www.greenhatgames.com\/wp-content\/uploads\/2021\/01\/All-star-1-300x200.jpg 300w, https:\/\/www.greenhatgames.com\/wp-content\/uploads\/2021\/01\/All-star-1-1024x682.jpg 1024w, https:\/\/www.greenhatgames.com\/wp-content\/uploads\/2021\/01\/All-star-1-768x512.jpg 768w\" sizes=\"auto, (max-width: 1280px) 100vw, 1280px\" \/>\n                <\/div>\n                <div class=\"content\">\n                  [vc_column_text]<\/p>\n<h4>Firmeneigene Technologie<\/h4>\n<p>Unsere Technologie ist hauseigen und immer mit dem Grundgedanken eines Online-Meeting entwickelt.[\/vc_column_text]\n                <\/div>\n              <\/div>\n            <\/div>\n          \n            <div class=\"swiper-slide\">\n              <div class=\"swiper-slide-wrap\">\n                <div class=\"image\">\n                  <img loading=\"lazy\" decoding=\"async\" width=\"1920\" height=\"1281\" src=\"https:\/\/www.greenhatgames.com\/wp-content\/uploads\/2019\/01\/dataandanalytics.jpg\" class=\"attachment-full size-full\" alt=\"data &amp; analytics\" srcset=\"https:\/\/www.greenhatgames.com\/wp-content\/uploads\/2019\/01\/dataandanalytics.jpg 1920w, https:\/\/www.greenhatgames.com\/wp-content\/uploads\/2019\/01\/dataandanalytics-300x200.jpg 300w, https:\/\/www.greenhatgames.com\/wp-content\/uploads\/2019\/01\/dataandanalytics-768x512.jpg 768w, https:\/\/www.greenhatgames.com\/wp-content\/uploads\/2019\/01\/dataandanalytics-1024x683.jpg 1024w\" sizes=\"auto, (max-width: 1920px) 100vw, 1920px\" \/>\n                <\/div>\n                <div class=\"content\">\n                  [vc_column_text]<\/p>\n<h4>Fakten, Fakten, Fakten<\/h4>\n<p>Unsere Rangliste und Dashboards lassen Sie alles in Echtzeit mitverfolgen. Schauen Sie genau auf Teilnehmer- und Beteiligungsraten und vergleichen Sie die Ergebnisse verschiedener Abteilungen \u00fcber diverse Regionen oder L\u00e4nder.[\/vc_column_text]\n                <\/div>\n              <\/div>\n            <\/div>\n          \n              <\/div>\n            <\/div>\n            <div class=\"swiper-button-prev\"><\/div>\n            <div class=\"swiper-button-next\"><\/div>\n          <\/div>\n          [\/vc_column][\/vc_row][\/vc_section]<\/p>\n<\/div>","protected":false},"excerpt":{"rendered":"<p>[vc_row full_width=&#8220;stretch_row&#8220;][vc_column][\/vc_column][\/vc_row][vc_section el_class=&#8220;game-info rounded-images&#8220;][vc_row ftw_align_center_row=&#8220;true&#8220;][vc_column css_animation=&#8220;bottom-to-top&#8220; width=&#8220;1\/2&#8243;][vc_single_image image=&#8220;20128&#8243; img_size=&#8220;full&#8220; alignment=&#8220;center&#8220;][\/vc_column][vc_column width=&#8220;1\/2&#8243;][vc_column_text] Ihre Experten f\u00fcr Online Teambuilding Wir entwickeln seit \u00fcber 10 Jahren digitale Spiele f\u00fcr Teams aus der Welt der Unternehmen. Unsere Online Teambuilding-Angebote lassen sich perfekt auf der Videokonferenz-Plattform Ihrer Wahl, z.B. Zoom oder MS Teams, spielen.[\/vc_column_text][\/vc_column][\/vc_row][vc_row ftw_align_center_row=&#8220;true&#8220; ftw_reverse_order=&#8220;true&#8220;][vc_column width=&#8220;1\/2&#8243;][vc_column_text] Warum wir? Spa\u00df-Faktor, Nutzerfreundlichkeit und Mitarbeiterbindung sind die Grundlagen&#8230;<\/p>\n","protected":false},"author":1,"featured_media":37992,"parent":0,"menu_order":180,"comment_status":"closed","ping_status":"closed","template":"","meta":{"_acf_changed":false,"inline_featured_image":false,"footnotes":""},"class_list":["post-22768","page","type-page","status-publish","has-post-thumbnail","hentry"],"acf":[],"yoast_head":"<!-- This site is optimized with the Yoast SEO plugin v27.2 - https:\/\/yoast.com\/product\/yoast-seo-wordpress\/ -->\n<title>\u00dcber uns - Green Hat Games<\/title>\n<meta name=\"description\" content=\"Lernen Sie mehr \u00fcber uns und wir unseren Kunden helfen Ihre Kommunikation mit neuen Ans\u00e4tzen zwischen den Mitarbeitern zu verbessern.\" \/>\n<meta name=\"robots\" content=\"index, follow, max-snippet:-1, max-image-preview:large, max-video-preview:-1\" \/>\n<link rel=\"canonical\" href=\"https:\/\/www.greenhatgames.com\/de\/uber-uns\/\" \/>\n<meta property=\"og:locale\" content=\"de_DE\" \/>\n<meta property=\"og:type\" content=\"article\" \/>\n<meta property=\"og:title\" content=\"\u00dcber uns - Green Hat Games\" \/>\n<meta property=\"og:description\" content=\"Lernen Sie mehr \u00fcber uns und wir unseren Kunden helfen Ihre Kommunikation mit neuen Ans\u00e4tzen zwischen den Mitarbeitern zu verbessern.\" \/>\n<meta property=\"og:url\" content=\"https:\/\/www.greenhatgames.com\/de\/uber-uns\/\" \/>\n<meta property=\"og:site_name\" content=\"Green Hat Games\" \/>\n<meta property=\"article:modified_time\" content=\"2022-10-05T10:16:52+00:00\" \/>\n<meta name=\"twitter:card\" content=\"summary_large_image\" \/>\n<meta name=\"twitter:label1\" content=\"Gesch\u00e4tzte Lesezeit\" \/>\n\t<meta name=\"twitter:data1\" content=\"2\u00a0Minuten\" \/>\n<script type=\"application\/ld+json\" class=\"yoast-schema-graph\">{\"@context\":\"https:\/\/schema.org\",\"@graph\":[{\"@type\":\"WebPage\",\"@id\":\"https:\/\/www.greenhatgames.com\/de\/uber-uns\/\",\"url\":\"https:\/\/www.greenhatgames.com\/de\/uber-uns\/\",\"name\":\"\u00dcber uns - Green Hat Games\",\"isPartOf\":{\"@id\":\"https:\/\/www.greenhatgames.com\/de\/#website\"},\"primaryImageOfPage\":{\"@id\":\"https:\/\/www.greenhatgames.com\/de\/uber-uns\/#primaryimage\"},\"image\":{\"@id\":\"https:\/\/www.greenhatgames.com\/de\/uber-uns\/#primaryimage\"},\"thumbnailUrl\":\"https:\/\/www.greenhatgames.com\/wp-content\/uploads\/2023\/06\/Onboarding-Game-18.jpg\",\"datePublished\":\"2019-01-15T10:34:09+00:00\",\"dateModified\":\"2022-10-05T10:16:52+00:00\",\"description\":\"Lernen Sie mehr \u00fcber uns und wir unseren Kunden helfen Ihre Kommunikation mit neuen Ans\u00e4tzen zwischen den Mitarbeitern zu verbessern.\",\"breadcrumb\":{\"@id\":\"https:\/\/www.greenhatgames.com\/de\/uber-uns\/#breadcrumb\"},\"inLanguage\":\"de\",\"potentialAction\":[{\"@type\":\"ReadAction\",\"target\":[\"https:\/\/www.greenhatgames.com\/de\/uber-uns\/\"]}]},{\"@type\":\"ImageObject\",\"inLanguage\":\"de\",\"@id\":\"https:\/\/www.greenhatgames.com\/de\/uber-uns\/#primaryimage\",\"url\":\"https:\/\/www.greenhatgames.com\/wp-content\/uploads\/2023\/06\/Onboarding-Game-18.jpg\",\"contentUrl\":\"https:\/\/www.greenhatgames.com\/wp-content\/uploads\/2023\/06\/Onboarding-Game-18.jpg\",\"width\":1920,\"height\":1281,\"caption\":\"game based learning\"},{\"@type\":\"BreadcrumbList\",\"@id\":\"https:\/\/www.greenhatgames.com\/de\/uber-uns\/#breadcrumb\",\"itemListElement\":[{\"@type\":\"ListItem\",\"position\":1,\"name\":\"Home\",\"item\":\"https:\/\/www.greenhatgames.com\/de\/\"},{\"@type\":\"ListItem\",\"position\":2,\"name\":\"\u00dcber uns\"}]},{\"@type\":\"WebSite\",\"@id\":\"https:\/\/www.greenhatgames.com\/de\/#website\",\"url\":\"https:\/\/www.greenhatgames.com\/de\/\",\"name\":\"Green Hat Games\",\"description\":\"Virtual Team Building\",\"potentialAction\":[{\"@type\":\"SearchAction\",\"target\":{\"@type\":\"EntryPoint\",\"urlTemplate\":\"https:\/\/www.greenhatgames.com\/de\/?s={search_term_string}\"},\"query-input\":{\"@type\":\"PropertyValueSpecification\",\"valueRequired\":true,\"valueName\":\"search_term_string\"}}],\"inLanguage\":\"de\"}]}<\/script>\n<!-- \/ Yoast SEO plugin. -->","yoast_head_json":{"title":"\u00dcber uns - Green Hat Games","description":"Lernen Sie mehr \u00fcber uns und wir unseren Kunden helfen Ihre Kommunikation mit neuen Ans\u00e4tzen zwischen den Mitarbeitern zu verbessern.","robots":{"index":"index","follow":"follow","max-snippet":"max-snippet:-1","max-image-preview":"max-image-preview:large","max-video-preview":"max-video-preview:-1"},"canonical":"https:\/\/www.greenhatgames.com\/de\/uber-uns\/","og_locale":"de_DE","og_type":"article","og_title":"\u00dcber uns - Green Hat Games","og_description":"Lernen Sie mehr \u00fcber uns und wir unseren Kunden helfen Ihre Kommunikation mit neuen Ans\u00e4tzen zwischen den Mitarbeitern zu verbessern.","og_url":"https:\/\/www.greenhatgames.com\/de\/uber-uns\/","og_site_name":"Green Hat Games","article_modified_time":"2022-10-05T10:16:52+00:00","twitter_card":"summary_large_image","twitter_misc":{"Gesch\u00e4tzte Lesezeit":"2\u00a0Minuten"},"schema":{"@context":"https:\/\/schema.org","@graph":[{"@type":"WebPage","@id":"https:\/\/www.greenhatgames.com\/de\/uber-uns\/","url":"https:\/\/www.greenhatgames.com\/de\/uber-uns\/","name":"\u00dcber uns - Green Hat Games","isPartOf":{"@id":"https:\/\/www.greenhatgames.com\/de\/#website"},"primaryImageOfPage":{"@id":"https:\/\/www.greenhatgames.com\/de\/uber-uns\/#primaryimage"},"image":{"@id":"https:\/\/www.greenhatgames.com\/de\/uber-uns\/#primaryimage"},"thumbnailUrl":"https:\/\/www.greenhatgames.com\/wp-content\/uploads\/2023\/06\/Onboarding-Game-18.jpg","datePublished":"2019-01-15T10:34:09+00:00","dateModified":"2022-10-05T10:16:52+00:00","description":"Lernen Sie mehr \u00fcber uns und wir unseren Kunden helfen Ihre Kommunikation mit neuen Ans\u00e4tzen zwischen den Mitarbeitern zu verbessern.","breadcrumb":{"@id":"https:\/\/www.greenhatgames.com\/de\/uber-uns\/#breadcrumb"},"inLanguage":"de","potentialAction":[{"@type":"ReadAction","target":["https:\/\/www.greenhatgames.com\/de\/uber-uns\/"]}]},{"@type":"ImageObject","inLanguage":"de","@id":"https:\/\/www.greenhatgames.com\/de\/uber-uns\/#primaryimage","url":"https:\/\/www.greenhatgames.com\/wp-content\/uploads\/2023\/06\/Onboarding-Game-18.jpg","contentUrl":"https:\/\/www.greenhatgames.com\/wp-content\/uploads\/2023\/06\/Onboarding-Game-18.jpg","width":1920,"height":1281,"caption":"game based learning"},{"@type":"BreadcrumbList","@id":"https:\/\/www.greenhatgames.com\/de\/uber-uns\/#breadcrumb","itemListElement":[{"@type":"ListItem","position":1,"name":"Home","item":"https:\/\/www.greenhatgames.com\/de\/"},{"@type":"ListItem","position":2,"name":"\u00dcber uns"}]},{"@type":"WebSite","@id":"https:\/\/www.greenhatgames.com\/de\/#website","url":"https:\/\/www.greenhatgames.com\/de\/","name":"Green Hat Games","description":"Virtual Team Building","potentialAction":[{"@type":"SearchAction","target":{"@type":"EntryPoint","urlTemplate":"https:\/\/www.greenhatgames.com\/de\/?s={search_term_string}"},"query-input":{"@type":"PropertyValueSpecification","valueRequired":true,"valueName":"search_term_string"}}],"inLanguage":"de"}]}},"_links":{"self":[{"href":"https:\/\/www.greenhatgames.com\/de\/wp-json\/wp\/v2\/pages\/22768","targetHints":{"allow":["GET"]}}],"collection":[{"href":"https:\/\/www.greenhatgames.com\/de\/wp-json\/wp\/v2\/pages"}],"about":[{"href":"https:\/\/www.greenhatgames.com\/de\/wp-json\/wp\/v2\/types\/page"}],"author":[{"embeddable":true,"href":"https:\/\/www.greenhatgames.com\/de\/wp-json\/wp\/v2\/users\/1"}],"replies":[{"embeddable":true,"href":"https:\/\/www.greenhatgames.com\/de\/wp-json\/wp\/v2\/comments?post=22768"}],"version-history":[{"count":17,"href":"https:\/\/www.greenhatgames.com\/de\/wp-json\/wp\/v2\/pages\/22768\/revisions"}],"predecessor-version":[{"id":22988,"href":"https:\/\/www.greenhatgames.com\/de\/wp-json\/wp\/v2\/pages\/22768\/revisions\/22988"}],"wp:featuredmedia":[{"embeddable":true,"href":"https:\/\/www.greenhatgames.com\/de\/wp-json\/wp\/v2\/media\/37992"}],"wp:attachment":[{"href":"https:\/\/www.greenhatgames.com\/de\/wp-json\/wp\/v2\/media?parent=22768"}],"curies":[{"name":"wp","href":"https:\/\/api.w.org\/{rel}","templated":true}]}}