{"id":22765,"date":"2020-09-03T14:34:44","date_gmt":"2020-09-03T14:34:44","guid":{"rendered":"https:\/\/dglynb4o6f.onrocket.site\/how-it-works\/"},"modified":"2022-10-05T12:53:23","modified_gmt":"2022-10-05T12:53:23","slug":"wie-funktioniert-es","status":"publish","type":"page","link":"https:\/\/www.greenhatgames.com\/de\/wie-funktioniert-es\/","title":{"rendered":"Wie funktioniert es"},"content":{"rendered":"<div class=\"wpb-content-wrapper\"><p>[vc_row full_width=&#8220;stretch_row&#8220; el_class=&#8220;vc_hidden-sm vc_hidden-xs&#8220;][vc_column]\n            <div class=\"hero  style-standard\">\n              <div class=\"pos-vc\">\n                <div class=\"container\">\n                  <div class=\"row\">\n                      <div class=\"col-sm-12\">[vc_column_text]<\/p>\n<h1 style=\"text-align: center;\">Wie funktioniert es<\/h1>\n<h2 style=\"text-align: center;\">Vorbereitung | Breakout | Gruppengr\u00f6\u00dfe<\/h2>\n<p>[\/vc_column_text]<\/div>\n                  <\/div>\n                <\/div>\n              <\/div>\n              <div class=\"background-image-holder\" data-opacity=\"\">\n                <img loading=\"lazy\" decoding=\"async\" width=\"1920\" height=\"641\" src=\"https:\/\/www.greenhatgames.com\/wp-content\/uploads\/2021\/01\/Virtual-Team-Building-How-the-game-works.jpg\" class=\"attachment-full size-full\" alt=\"Virtual Team Building - How the game works\" srcset=\"https:\/\/www.greenhatgames.com\/wp-content\/uploads\/2021\/01\/Virtual-Team-Building-How-the-game-works.jpg 1920w, https:\/\/www.greenhatgames.com\/wp-content\/uploads\/2021\/01\/Virtual-Team-Building-How-the-game-works-300x100.jpg 300w, https:\/\/www.greenhatgames.com\/wp-content\/uploads\/2021\/01\/Virtual-Team-Building-How-the-game-works-1024x342.jpg 1024w, https:\/\/www.greenhatgames.com\/wp-content\/uploads\/2021\/01\/Virtual-Team-Building-How-the-game-works-768x256.jpg 768w, https:\/\/www.greenhatgames.com\/wp-content\/uploads\/2021\/01\/Virtual-Team-Building-How-the-game-works-1536x513.jpg 1536w\" sizes=\"auto, (max-width: 1920px) 100vw, 1920px\" \/>\n              <\/div>\n            <\/div>\n          [\/vc_column][\/vc_row][vc_row full_width=&#8220;stretch_row&#8220; el_class=&#8220;vc_hidden-lg vc_hidden-md hero-mobile&#8220;][vc_column]\n            <div class=\"hero  style-standard\">\n              <div class=\"pos-vc\">\n                <div class=\"container\">\n                  <div class=\"row\">\n                      <div class=\"col-sm-12\">[vc_column_text]<\/p>\n<h1 style=\"text-align: center;\">Ablauf der Online Teambuilding Spiele<\/h1>\n<h2 style=\"text-align: center;\">Vorbereitung | Teams & Breakout R\u00e4ume | Gruppengr\u00f6\u00dfe<\/h2>\n<p>[\/vc_column_text]<\/div>\n                  <\/div>\n                <\/div>\n              <\/div>\n              <div class=\"background-image-holder\" data-opacity=\"\">\n                <img loading=\"lazy\" decoding=\"async\" width=\"1920\" height=\"641\" src=\"https:\/\/www.greenhatgames.com\/wp-content\/uploads\/2021\/01\/Virtual-Team-Building-How-the-game-works.jpg\" class=\"attachment-full size-full\" alt=\"Virtual Team Building - How the game works\" srcset=\"https:\/\/www.greenhatgames.com\/wp-content\/uploads\/2021\/01\/Virtual-Team-Building-How-the-game-works.jpg 1920w, https:\/\/www.greenhatgames.com\/wp-content\/uploads\/2021\/01\/Virtual-Team-Building-How-the-game-works-300x100.jpg 300w, https:\/\/www.greenhatgames.com\/wp-content\/uploads\/2021\/01\/Virtual-Team-Building-How-the-game-works-1024x342.jpg 1024w, https:\/\/www.greenhatgames.com\/wp-content\/uploads\/2021\/01\/Virtual-Team-Building-How-the-game-works-768x256.jpg 768w, https:\/\/www.greenhatgames.com\/wp-content\/uploads\/2021\/01\/Virtual-Team-Building-How-the-game-works-1536x513.jpg 1536w\" sizes=\"auto, (max-width: 1920px) 100vw, 1920px\" \/>\n              <\/div>\n            <\/div>\n          [\/vc_column][\/vc_row][vc_row full_width=&#8220;stretch_row&#8220; el_class=&#8220;vc_hidden-sm vc_hidden-xs&#8220;][vc_column]\n            <div class=\"bar bg--primary\">\n              <div class=\"container\">\n                <div class=\"item\">\n                  <h2>Keine Downloads<\/h2>\n                  \n                <\/div>\n                <div class=\"item\">\n                  <h2>Online oder live<\/h2>\n                  \n                <\/div>\n                <div class=\"item\">\n                  <h2>Moderation optional<\/h2>\n                  \n                <\/div>\n              <\/div>\n            <\/div>\n          [\/vc_column][\/vc_row][vc_row full_width=&#8220;stretch_row&#8220; el_class=&#8220;new-mobile vc_hidden-lg vc_hidden-md&#8220;][vc_column]\n            <div class=\"bar bg--primary\">\n              <div class=\"container\">\n                <div class=\"item\">\n                  <h2><\/h2>\n                  \n                <\/div>\n                <div class=\"item\">\n                  <h2>Speziell f\u00fcr Online Meetings entwickelt<\/h2>\n                  \n                <\/div>\n                <div class=\"item\">\n                  <h2><\/h2>\n                  \n                <\/div>\n              <\/div>\n            <\/div>\n          [\/vc_column][\/vc_row][vc_row el_class=&#8220;vc_hidden-sm vc_hidden-xs&#8220;][vc_column][vc_empty_space height=&#8220;50px&#8220;][\/vc_column][\/vc_row][vc_row el_class=&#8220;vc_hidden-lg vc_hidden-md&#8220;][vc_column][vc_empty_space height=&#8220;20px&#8220;][\/vc_column][\/vc_row][vc_section el_class=&#8220;game-info rounded-images&#8220;][vc_row el_class=&#8220;vc_hidden-sm vc_hidden-xs&#8220;][vc_column]\n            <div class=\"why-us\">\n              \n              <div class=\"row\">\n                <div class=\"why-us-line why-us-line-1\">\n                  <svg xmlns=\"http:\/\/www.w3.org\/2000\/svg\" viewBox=\"0 0 213.534 473.085\"><path fill=\"none\" stroke=\"#54AD3C\" stroke-miterlimit=\"10\" d=\"M198.534 1.585s-167-25-92 165-26 231-77 201-26.735-82.285 11-89c118-21 6 194 173 194\"><\/path><\/svg>\n                <\/div>\n                <div class=\"col-md-6 why-content\">\n                  <span class=\"number\">1<\/span>\n                  [vc_column_text]<\/p>\n<h3>Einfaches Setup<\/h3>\n<p>Ein Computer oder Laptop mit Internetzugang ist alles was Sie brauchen. Das Spiel wird online gespielt und mit einem Klick auf einen Link gestartet.[\/vc_column_text]\n                <\/div>\n                <div class=\"col-md-6\">\n                      <div class=\"imageblock\">\n                          <img loading=\"lazy\" decoding=\"async\" width=\"1280\" height=\"853\" src=\"https:\/\/www.greenhatgames.com\/wp-content\/uploads\/2021\/01\/All-star-1.jpg\" class=\"attachment-full size-full\" alt=\"Virtual Team Building\" srcset=\"https:\/\/www.greenhatgames.com\/wp-content\/uploads\/2021\/01\/All-star-1.jpg 1280w, https:\/\/www.greenhatgames.com\/wp-content\/uploads\/2021\/01\/All-star-1-300x200.jpg 300w, https:\/\/www.greenhatgames.com\/wp-content\/uploads\/2021\/01\/All-star-1-1024x682.jpg 1024w, https:\/\/www.greenhatgames.com\/wp-content\/uploads\/2021\/01\/All-star-1-768x512.jpg 768w\" sizes=\"auto, (max-width: 1280px) 100vw, 1280px\" \/>\n                      <\/div>\n                    \n                <\/div>\n              <\/div><!-- end row -->\n                \n            <\/div>\n          \n          <div class=\"why-us\">\n            \n            <div class=\"row\">\n              <div class=\"why-us-line why-us-line-2\">\n                <svg xmlns=\"http:\/\/www.w3.org\/2000\/svg\" viewBox=\"0 0 186.965 448.001\"><path fill=\"none\" stroke=\"#54AD3C\" stroke-miterlimit=\"10\" d=\"M11 .501s115.979-1.247 145 116c25 101-70 117-101 81s15-113 78-58 119 308-133 308\"><\/path><\/svg>\n              <\/div>\n              <div class=\"col-md-6 col-md-push-6 why-content\">\n                <span class=\"number\">2<\/span>\n                [vc_column_text]<\/p>\n<h3>Online oder Live Umsetzung<\/h3>\n<p>Unsere Spiele lassen sich in einem Videomeeting oder auch live umsetzen. Auch in einem hybrid Setting ist es ganz einfach. Es wird immer in kleinen Teams von 3-5 Personen gespielt.<\/p>\n<p><strong>Online.<\/strong> Alle Personen kommen in einem Videomeeting, z.B. in MS Teams oder Zoom, zusammen. Jedes Team spielt in einem Breakout-Raum. Pro Team teilt eine Person den Bildschirm.<\/p>\n<p><strong>Live.<\/strong> In kleinen Gruppen aufgeteilt versammeln sich die Teammitglieder vor einem Ger\u00e4t. Gemeinsam wird dann am PC oder Laptop ger\u00e4tselt.[\/vc_column_text]\n              <\/div>\n              <div class=\"col-md-6 col-md-pull-6\">\n                    <div class=\"imageblock\">\n                        <img loading=\"lazy\" decoding=\"async\" width=\"1436\" height=\"872\" src=\"https:\/\/www.greenhatgames.com\/wp-content\/uploads\/2022\/10\/Team-Building-Activities-for-work-1.jpg\" class=\"attachment-full size-full\" alt=\"Team Building Activities for work\" srcset=\"https:\/\/www.greenhatgames.com\/wp-content\/uploads\/2022\/10\/Team-Building-Activities-for-work-1.jpg 1436w, https:\/\/www.greenhatgames.com\/wp-content\/uploads\/2022\/10\/Team-Building-Activities-for-work-1-300x182.jpg 300w, https:\/\/www.greenhatgames.com\/wp-content\/uploads\/2022\/10\/Team-Building-Activities-for-work-1-1024x622.jpg 1024w, https:\/\/www.greenhatgames.com\/wp-content\/uploads\/2022\/10\/Team-Building-Activities-for-work-1-768x466.jpg 768w\" sizes=\"auto, (max-width: 1436px) 100vw, 1436px\" \/>\n                    <\/div>\n                  \n              <\/div>\n            <\/div><!-- end row -->\n              \n          <\/div>\n        \n          <div class=\"why-us\">\n            \n            <div class=\"row\">\n              <div class=\"why-us-line why-us-line-3\">\n                <svg xmlns=\"http:\/\/www.w3.org\/2000\/svg\" viewBox=\"0 0 211.245 513.681\"><path fill=\"none\" stroke=\"#54AD3C\" stroke-miterlimit=\"10\" d=\"M192.088.785s-201-18-138 232 46.499 286.626-13.5 279.626c-47.181-5.505-46.246-57.317-30-76 19.999-23 67.5-31.626 200.5 12.374\"><\/path><\/svg>\n              <\/div>\n              <div class=\"col-md-6 why-content\">\n                <span class=\"number\">3<\/span>\n                [vc_column_text]<\/p>\n<h3>Moderation optional<\/h3>\n<p>Unsere Online Teambuilding Spiele lassen sich einfach und schnell eigenst\u00e4ndig umsetzen ohne unser Mitwirken. Gerne bieten wir auch unseren Moderationsservice an, bei dem ein Teammitglied zu Ihrem Meeting dazust\u00f6\u00dft, das Spiel erkl\u00e4rt, f\u00fcr Fragen zur Verf\u00fcgung steht und die Ergebnisse pr\u00e4sentiert.[\/vc_column_text]\n              <\/div>\n              <div class=\"col-md-6\">\n                    <div class=\"imageblock\">\n                        <img loading=\"lazy\" decoding=\"async\" width=\"1920\" height=\"1280\" src=\"https:\/\/www.greenhatgames.com\/wp-content\/uploads\/2021\/01\/Virtual-Team-Building-All-Star-4.jpg\" class=\"attachment-full size-full\" alt=\"Virtual Team Building\" srcset=\"https:\/\/www.greenhatgames.com\/wp-content\/uploads\/2021\/01\/Virtual-Team-Building-All-Star-4.jpg 1920w, https:\/\/www.greenhatgames.com\/wp-content\/uploads\/2021\/01\/Virtual-Team-Building-All-Star-4-300x200.jpg 300w, https:\/\/www.greenhatgames.com\/wp-content\/uploads\/2021\/01\/Virtual-Team-Building-All-Star-4-1024x683.jpg 1024w, https:\/\/www.greenhatgames.com\/wp-content\/uploads\/2021\/01\/Virtual-Team-Building-All-Star-4-768x512.jpg 768w, https:\/\/www.greenhatgames.com\/wp-content\/uploads\/2021\/01\/Virtual-Team-Building-All-Star-4-1536x1024.jpg 1536w\" sizes=\"auto, (max-width: 1920px) 100vw, 1920px\" \/>\n                    <\/div>\n                  \n              <\/div>\n            <\/div><!-- end row -->\n              \n          <\/div>\n        [\/vc_column][\/vc_row][\/vc_section][vc_row][vc_column]\n\n            <div class=\"form-1-block form-block vc_panel\">\n\n                <div class=\"form-1-block-inner\" style=\"height:\">\n\n\n\n                    <div class=\"row\">\n\n                        <div class=\"col-lg-4 form-content\">\n                            <h4>Melden Sie sich noch heute bei uns!<\/h4>\n\n                            \n\n\n\n                            <div><script charset=\"utf-8\" type=\"text\/javascript\" src=\"\/\/js-eu1.hsforms.net\/forms\/embed\/v2.js\"><\/script>\r\n<script>\r\n  hbspt.forms.create({\r\n    portalId: \"143572013\",\r\n    formId: \"7c91bfa2-5111-4bca-a701-02ee5a1efd0e\"\r\n  });\r\n<\/script><\/div>\n\n                        <\/div>\n\n                    <\/div>\n\n                <\/div>\n\n                <div class=\"background-image-holder\"  data-opacity=\"\">\n\n                    <img loading=\"lazy\" decoding=\"async\" width=\"2560\" height=\"1280\" src=\"https:\/\/www.greenhatgames.com\/wp-content\/uploads\/2022\/09\/Art-Heist-Virtual-Escape-Room-7b.jpg\" class=\"attachment-full size-full\" alt=\"\" srcset=\"https:\/\/www.greenhatgames.com\/wp-content\/uploads\/2022\/09\/Art-Heist-Virtual-Escape-Room-7b.jpg 2560w, https:\/\/www.greenhatgames.com\/wp-content\/uploads\/2022\/09\/Art-Heist-Virtual-Escape-Room-7b-300x150.jpg 300w, https:\/\/www.greenhatgames.com\/wp-content\/uploads\/2022\/09\/Art-Heist-Virtual-Escape-Room-7b-1024x512.jpg 1024w, https:\/\/www.greenhatgames.com\/wp-content\/uploads\/2022\/09\/Art-Heist-Virtual-Escape-Room-7b-768x384.jpg 768w, https:\/\/www.greenhatgames.com\/wp-content\/uploads\/2022\/09\/Art-Heist-Virtual-Escape-Room-7b-1536x768.jpg 1536w, https:\/\/www.greenhatgames.com\/wp-content\/uploads\/2022\/09\/Art-Heist-Virtual-Escape-Room-7b-2048x1024.jpg 2048w\" sizes=\"auto, (max-width: 2560px) 100vw, 2560px\" \/>\n                    <div class=\"content-wrapper \" style=\"max-width:%;\">\n                        \n                    <\/div>\n                <\/div>\n\n            <\/div>\n\n          [\/vc_column][\/vc_row][vc_row][vc_column][vc_empty_space height=&#8220;50px&#8220;][\/vc_column][\/vc_row]<\/p>\n<\/div>","protected":false},"excerpt":{"rendered":"<p>[vc_row full_width=&#8220;stretch_row&#8220; el_class=&#8220;vc_hidden-sm vc_hidden-xs&#8220;][vc_column][\/vc_column][\/vc_row][vc_row full_width=&#8220;stretch_row&#8220; el_class=&#8220;vc_hidden-lg vc_hidden-md hero-mobile&#8220;][vc_column][\/vc_column][\/vc_row][vc_row full_width=&#8220;stretch_row&#8220; el_class=&#8220;vc_hidden-sm vc_hidden-xs&#8220;][vc_column][\/vc_column][\/vc_row][vc_row full_width=&#8220;stretch_row&#8220; el_class=&#8220;new-mobile vc_hidden-lg vc_hidden-md&#8220;][vc_column][\/vc_column][\/vc_row][vc_row el_class=&#8220;vc_hidden-sm vc_hidden-xs&#8220;][vc_column][vc_empty_space height=&#8220;50px&#8220;][\/vc_column][\/vc_row][vc_row el_class=&#8220;vc_hidden-lg vc_hidden-md&#8220;][vc_column][vc_empty_space height=&#8220;20px&#8220;][\/vc_column][\/vc_row][vc_section el_class=&#8220;game-info rounded-images&#8220;][vc_row el_class=&#8220;vc_hidden-sm vc_hidden-xs&#8220;][vc_column][\/vc_column][\/vc_row][\/vc_section][vc_row][vc_column][\/vc_column][\/vc_row][vc_row][vc_column][vc_empty_space height=&#8220;50px&#8220;][\/vc_column][\/vc_row]<\/p>\n","protected":false},"author":2,"featured_media":35059,"parent":0,"menu_order":150,"comment_status":"closed","ping_status":"closed","template":"","meta":{"_acf_changed":false,"inline_featured_image":false,"footnotes":""},"class_list":["post-22765","page","type-page","status-publish","has-post-thumbnail","hentry"],"acf":[],"yoast_head":"<!-- This site is optimized with the Yoast SEO plugin v27.3 - https:\/\/yoast.com\/product\/yoast-seo-wordpress\/ -->\n<title>Wie funktioniert es | Setup und Vorbereitung | Technisches<\/title>\n<meta name=\"description\" content=\"Auf die Frage &quot;Wie funktioniert es&quot; geben wir einfache Antworten f\u00fcr schnellen Spiele-Spa\u00df mit unseren Online Teambuilding Spielen.\" \/>\n<meta name=\"robots\" content=\"index, follow, max-snippet:-1, max-image-preview:large, max-video-preview:-1\" \/>\n<link rel=\"canonical\" href=\"https:\/\/www.greenhatgames.com\/de\/wie-funktioniert-es\/\" \/>\n<meta property=\"og:locale\" content=\"de_DE\" \/>\n<meta property=\"og:type\" content=\"article\" \/>\n<meta property=\"og:title\" content=\"Wie funktioniert es | Setup und Vorbereitung | Technisches\" \/>\n<meta property=\"og:description\" content=\"Auf die Frage &quot;Wie funktioniert es&quot; geben wir einfache Antworten f\u00fcr schnellen Spiele-Spa\u00df mit unseren Online Teambuilding Spielen.\" \/>\n<meta property=\"og:url\" content=\"https:\/\/www.greenhatgames.com\/de\/wie-funktioniert-es\/\" \/>\n<meta property=\"og:site_name\" content=\"Green Hat Games\" \/>\n<meta property=\"article:modified_time\" content=\"2022-10-05T12:53:23+00:00\" \/>\n<meta property=\"og:image\" content=\"https:\/\/www.greenhatgames.com\/wp-content\/uploads\/2022\/09\/Virtual-Escape-Room-Game-Beat-the-Hacker-form.jpg\" \/>\n\t<meta property=\"og:image:width\" content=\"1698\" \/>\n\t<meta property=\"og:image:height\" content=\"1280\" \/>\n\t<meta property=\"og:image:type\" content=\"image\/jpeg\" \/>\n<meta name=\"twitter:card\" content=\"summary_large_image\" \/>\n<meta name=\"twitter:label1\" content=\"Gesch\u00e4tzte Lesezeit\" \/>\n\t<meta name=\"twitter:data1\" content=\"1\u00a0Minute\" \/>\n<script type=\"application\/ld+json\" class=\"yoast-schema-graph\">{\"@context\":\"https:\\\/\\\/schema.org\",\"@graph\":[{\"@type\":\"WebPage\",\"@id\":\"https:\\\/\\\/www.greenhatgames.com\\\/de\\\/wie-funktioniert-es\\\/\",\"url\":\"https:\\\/\\\/www.greenhatgames.com\\\/de\\\/wie-funktioniert-es\\\/\",\"name\":\"Wie funktioniert es | Setup und Vorbereitung | Technisches\",\"isPartOf\":{\"@id\":\"https:\\\/\\\/www.greenhatgames.com\\\/de\\\/#website\"},\"primaryImageOfPage\":{\"@id\":\"https:\\\/\\\/www.greenhatgames.com\\\/de\\\/wie-funktioniert-es\\\/#primaryimage\"},\"image\":{\"@id\":\"https:\\\/\\\/www.greenhatgames.com\\\/de\\\/wie-funktioniert-es\\\/#primaryimage\"},\"thumbnailUrl\":\"https:\\\/\\\/www.greenhatgames.com\\\/wp-content\\\/uploads\\\/2022\\\/09\\\/Virtual-Escape-Room-Game-Beat-the-Hacker-form.jpg\",\"datePublished\":\"2020-09-03T14:34:44+00:00\",\"dateModified\":\"2022-10-05T12:53:23+00:00\",\"description\":\"Auf die Frage \\\"Wie funktioniert es\\\" geben wir einfache Antworten f\u00fcr schnellen Spiele-Spa\u00df mit unseren Online Teambuilding Spielen.\",\"breadcrumb\":{\"@id\":\"https:\\\/\\\/www.greenhatgames.com\\\/de\\\/wie-funktioniert-es\\\/#breadcrumb\"},\"inLanguage\":\"de\",\"potentialAction\":[{\"@type\":\"ReadAction\",\"target\":[\"https:\\\/\\\/www.greenhatgames.com\\\/de\\\/wie-funktioniert-es\\\/\"]}]},{\"@type\":\"ImageObject\",\"inLanguage\":\"de\",\"@id\":\"https:\\\/\\\/www.greenhatgames.com\\\/de\\\/wie-funktioniert-es\\\/#primaryimage\",\"url\":\"https:\\\/\\\/www.greenhatgames.com\\\/wp-content\\\/uploads\\\/2022\\\/09\\\/Virtual-Escape-Room-Game-Beat-the-Hacker-form.jpg\",\"contentUrl\":\"https:\\\/\\\/www.greenhatgames.com\\\/wp-content\\\/uploads\\\/2022\\\/09\\\/Virtual-Escape-Room-Game-Beat-the-Hacker-form.jpg\",\"width\":1698,\"height\":1280,\"caption\":\"We'll send you a quote today!\"},{\"@type\":\"BreadcrumbList\",\"@id\":\"https:\\\/\\\/www.greenhatgames.com\\\/de\\\/wie-funktioniert-es\\\/#breadcrumb\",\"itemListElement\":[{\"@type\":\"ListItem\",\"position\":1,\"name\":\"Home\",\"item\":\"https:\\\/\\\/www.greenhatgames.com\\\/de\\\/\"},{\"@type\":\"ListItem\",\"position\":2,\"name\":\"Wie funktioniert es\"}]},{\"@type\":\"WebSite\",\"@id\":\"https:\\\/\\\/www.greenhatgames.com\\\/de\\\/#website\",\"url\":\"https:\\\/\\\/www.greenhatgames.com\\\/de\\\/\",\"name\":\"Green Hat Games\",\"description\":\"Virtual Team Building\",\"potentialAction\":[{\"@type\":\"SearchAction\",\"target\":{\"@type\":\"EntryPoint\",\"urlTemplate\":\"https:\\\/\\\/www.greenhatgames.com\\\/de\\\/?s={search_term_string}\"},\"query-input\":{\"@type\":\"PropertyValueSpecification\",\"valueRequired\":true,\"valueName\":\"search_term_string\"}}],\"inLanguage\":\"de\"}]}<\/script>\n<!-- \/ Yoast SEO plugin. -->","yoast_head_json":{"title":"Wie funktioniert es | Setup und Vorbereitung | Technisches","description":"Auf die Frage \"Wie funktioniert es\" geben wir einfache Antworten f\u00fcr schnellen Spiele-Spa\u00df mit unseren Online Teambuilding Spielen.","robots":{"index":"index","follow":"follow","max-snippet":"max-snippet:-1","max-image-preview":"max-image-preview:large","max-video-preview":"max-video-preview:-1"},"canonical":"https:\/\/www.greenhatgames.com\/de\/wie-funktioniert-es\/","og_locale":"de_DE","og_type":"article","og_title":"Wie funktioniert es | Setup und Vorbereitung | Technisches","og_description":"Auf die Frage \"Wie funktioniert es\" geben wir einfache Antworten f\u00fcr schnellen Spiele-Spa\u00df mit unseren Online Teambuilding Spielen.","og_url":"https:\/\/www.greenhatgames.com\/de\/wie-funktioniert-es\/","og_site_name":"Green Hat Games","article_modified_time":"2022-10-05T12:53:23+00:00","og_image":[{"width":1698,"height":1280,"url":"https:\/\/www.greenhatgames.com\/wp-content\/uploads\/2022\/09\/Virtual-Escape-Room-Game-Beat-the-Hacker-form.jpg","type":"image\/jpeg"}],"twitter_card":"summary_large_image","twitter_misc":{"Gesch\u00e4tzte Lesezeit":"1\u00a0Minute"},"schema":{"@context":"https:\/\/schema.org","@graph":[{"@type":"WebPage","@id":"https:\/\/www.greenhatgames.com\/de\/wie-funktioniert-es\/","url":"https:\/\/www.greenhatgames.com\/de\/wie-funktioniert-es\/","name":"Wie funktioniert es | Setup und Vorbereitung | Technisches","isPartOf":{"@id":"https:\/\/www.greenhatgames.com\/de\/#website"},"primaryImageOfPage":{"@id":"https:\/\/www.greenhatgames.com\/de\/wie-funktioniert-es\/#primaryimage"},"image":{"@id":"https:\/\/www.greenhatgames.com\/de\/wie-funktioniert-es\/#primaryimage"},"thumbnailUrl":"https:\/\/www.greenhatgames.com\/wp-content\/uploads\/2022\/09\/Virtual-Escape-Room-Game-Beat-the-Hacker-form.jpg","datePublished":"2020-09-03T14:34:44+00:00","dateModified":"2022-10-05T12:53:23+00:00","description":"Auf die Frage \"Wie funktioniert es\" geben wir einfache Antworten f\u00fcr schnellen Spiele-Spa\u00df mit unseren Online Teambuilding Spielen.","breadcrumb":{"@id":"https:\/\/www.greenhatgames.com\/de\/wie-funktioniert-es\/#breadcrumb"},"inLanguage":"de","potentialAction":[{"@type":"ReadAction","target":["https:\/\/www.greenhatgames.com\/de\/wie-funktioniert-es\/"]}]},{"@type":"ImageObject","inLanguage":"de","@id":"https:\/\/www.greenhatgames.com\/de\/wie-funktioniert-es\/#primaryimage","url":"https:\/\/www.greenhatgames.com\/wp-content\/uploads\/2022\/09\/Virtual-Escape-Room-Game-Beat-the-Hacker-form.jpg","contentUrl":"https:\/\/www.greenhatgames.com\/wp-content\/uploads\/2022\/09\/Virtual-Escape-Room-Game-Beat-the-Hacker-form.jpg","width":1698,"height":1280,"caption":"We'll send you a quote today!"},{"@type":"BreadcrumbList","@id":"https:\/\/www.greenhatgames.com\/de\/wie-funktioniert-es\/#breadcrumb","itemListElement":[{"@type":"ListItem","position":1,"name":"Home","item":"https:\/\/www.greenhatgames.com\/de\/"},{"@type":"ListItem","position":2,"name":"Wie funktioniert es"}]},{"@type":"WebSite","@id":"https:\/\/www.greenhatgames.com\/de\/#website","url":"https:\/\/www.greenhatgames.com\/de\/","name":"Green Hat Games","description":"Virtual Team Building","potentialAction":[{"@type":"SearchAction","target":{"@type":"EntryPoint","urlTemplate":"https:\/\/www.greenhatgames.com\/de\/?s={search_term_string}"},"query-input":{"@type":"PropertyValueSpecification","valueRequired":true,"valueName":"search_term_string"}}],"inLanguage":"de"}]}},"_links":{"self":[{"href":"https:\/\/www.greenhatgames.com\/de\/wp-json\/wp\/v2\/pages\/22765","targetHints":{"allow":["GET"]}}],"collection":[{"href":"https:\/\/www.greenhatgames.com\/de\/wp-json\/wp\/v2\/pages"}],"about":[{"href":"https:\/\/www.greenhatgames.com\/de\/wp-json\/wp\/v2\/types\/page"}],"author":[{"embeddable":true,"href":"https:\/\/www.greenhatgames.com\/de\/wp-json\/wp\/v2\/users\/2"}],"replies":[{"embeddable":true,"href":"https:\/\/www.greenhatgames.com\/de\/wp-json\/wp\/v2\/comments?post=22765"}],"version-history":[{"count":32,"href":"https:\/\/www.greenhatgames.com\/de\/wp-json\/wp\/v2\/pages\/22765\/revisions"}],"predecessor-version":[{"id":36137,"href":"https:\/\/www.greenhatgames.com\/de\/wp-json\/wp\/v2\/pages\/22765\/revisions\/36137"}],"wp:featuredmedia":[{"embeddable":true,"href":"https:\/\/www.greenhatgames.com\/de\/wp-json\/wp\/v2\/media\/35059"}],"wp:attachment":[{"href":"https:\/\/www.greenhatgames.com\/de\/wp-json\/wp\/v2\/media?parent=22765"}],"curies":[{"name":"wp","href":"https:\/\/api.w.org\/{rel}","templated":true}]}}