{"id":37584,"date":"2023-06-07T15:29:34","date_gmt":"2023-06-07T15:29:34","guid":{"rendered":"https:\/\/dglynb4o6f.onrocket.site\/?page_id=37584"},"modified":"2023-07-17T15:15:39","modified_gmt":"2023-07-17T15:15:39","slug":"om-os","status":"publish","type":"page","link":"https:\/\/www.greenhatgames.com\/da\/om-os\/","title":{"rendered":"Om os"},"content":{"rendered":"<div class=\"wpb-content-wrapper\"><p>[vc_row full_width=&#8221;stretch_row&#8221;][vc_column]\n            <div class=\"hero  style-standard\">\n              <div class=\"pos-vc\">\n                <div class=\"container\">\n                  <div class=\"row\">\n                      <div class=\"col-sm-12\">[vc_column_text]<\/p>\n<h1 style=\"text-align: center;\">Vi skaber positiv energi hos fjernarbejdende hold!<\/h1>\n<p>[\/vc_column_text]<\/div>\n                  <\/div>\n                <\/div>\n              <\/div>\n              <div class=\"background-image-holder\" data-opacity=\"\">\n                <img loading=\"lazy\" decoding=\"async\" width=\"1920\" height=\"1036\" src=\"https:\/\/www.greenhatgames.com\/wp-content\/uploads\/2021\/01\/shutterstock_1489885022_small_dark.jpg\" class=\"attachment-full size-full\" alt=\"Employee Engagement Experts\" srcset=\"https:\/\/www.greenhatgames.com\/wp-content\/uploads\/2021\/01\/shutterstock_1489885022_small_dark.jpg 1920w, https:\/\/www.greenhatgames.com\/wp-content\/uploads\/2021\/01\/shutterstock_1489885022_small_dark-300x162.jpg 300w, https:\/\/www.greenhatgames.com\/wp-content\/uploads\/2021\/01\/shutterstock_1489885022_small_dark-1024x553.jpg 1024w, https:\/\/www.greenhatgames.com\/wp-content\/uploads\/2021\/01\/shutterstock_1489885022_small_dark-768x414.jpg 768w, https:\/\/www.greenhatgames.com\/wp-content\/uploads\/2021\/01\/shutterstock_1489885022_small_dark-1536x829.jpg 1536w\" sizes=\"auto, (max-width: 1920px) 100vw, 1920px\" \/>\n              <\/div>\n            <\/div>\n          [\/vc_column][\/vc_row][vc_section][vc_row ftw_align_center_row=&#8221;true&#8221;][vc_column width=&#8221;1\/2&#8243;][vc_single_image image=&#8221;38772&#8243; img_size=&#8221;full&#8221; alignment=&#8221;center&#8221;][\/vc_column][vc_column width=&#8221;1\/2&#8243;][vc_column_text]<\/p>\n<h2>Eksperter inden for virtuel teambuilding<\/h2>\n<p>Vi har designet digitale spil til virksomhedskunder i mere end 10 \u00e5r. Vores virtuelle teambuilding tilbud er designet fra bunden til at passe perfekt til dine videokonferencesystemer som Zoom og Teams.[\/vc_column_text][\/vc_column][\/vc_row][vc_row ftw_align_center_row=&#8221;true&#8221; ftw_reverse_order=&#8221;true&#8221;][vc_column width=&#8221;1\/2&#8243;][vc_column_text]<\/p>\n<h2>Hvorfor v\u00e6lge os?<\/h2>\n<p>Alle vores spil er designet til at v\u00e6re sjove, brugervenlige og meget engagerende. Vores teknologi er webbaseret, s\u00e5 der er ikke behov for downloads.[\/vc_column_text][\/vc_column][vc_column width=&#8221;1\/2&#8243;][vc_single_image image=&#8221;37693&#8243; img_size=&#8221;full&#8221; alignment=&#8221;center&#8221;][\/vc_column][\/vc_row][vc_row ftw_align_center_row=&#8221;true&#8221;][vc_column width=&#8221;1\/2&#8243;][vc_single_image image=&#8221;38802&#8243; img_size=&#8221;full&#8221; alignment=&#8221;center&#8221;][\/vc_column][vc_column width=&#8221;1\/2&#8243;][vc_column_text]<\/p>\n<h2>En del af Employee Engagement Experts Green Hat People<\/h2>\n<p><span class=\"lt-line-clamp__line\">Green Hat Games er spillegrenen af Green Hat People, der er specialiseret i at hj\u00e6lpe klienter med at kommunikere med personalet p\u00e5 en ny, mere engagerende m\u00e5de ved hj\u00e6lp af gamification og den nyeste teknologi. Ekspertiseomr\u00e5der omfatter <span style=\"text-decoration: underline;\"><a href=\"https:\/\/www.greenhatpeople.com\" target=\"_blank\" rel=\"noopener noreferrer\">virtuelle onboarding muligheder<\/a><\/span>\u00a0og\u00a0<span style=\"text-decoration: underline;\"><a href=\"https:\/\/www.greenhatpeople.com\/core-values-training-game\/\" target=\"_blank\" rel=\"noopener noreferrer\">Core Values Games<\/a><\/span><\/span>. L\u00e6s mere om Green Hat People\u00a0<span style=\"text-decoration: underline;\"><a href=\"http:\/\/www.greenhatpeople.com\" target=\"_blank\" rel=\"noopener noreferrer\">her.<\/a><\/span>[\/vc_column_text][\/vc_column][\/vc_row][vc_row ftw_align_center_row=&#8221;true&#8221;][vc_column width=&#8221;1\/2&#8243;][vc_column_text]<\/p>\n<h2>Vores hold<\/h2>\n<p>Vi har et team p\u00e5 35 mennesker, der er dedikeret til at hj\u00e6lpe kunder over hele verden fra vores syv lokale kontorer i Amerika og Europa.[\/vc_column_text][\/vc_column][vc_column width=&#8221;1\/2&#8243;][vc_single_image image=&#8221;37586&#8243; img_size=&#8221;full&#8221; alignment=&#8221;center&#8221;][\/vc_column][\/vc_row][vc_row ftw_align_center_row=&#8221;true&#8221; ftw_reverse_order=&#8221;true&#8221;][vc_column width=&#8221;1\/2&#8243;][vc_single_image image=&#8221;36539&#8243; img_size=&#8221;full&#8221; alignment=&#8221;center&#8221;][\/vc_column][vc_column width=&#8221;1\/2&#8243;][vc_column_text]<\/p>\n<h2>Vores historik<\/h2>\n<p>Mere end 8.000 virksomheder og +1.000.000 medarbejdere har oplevet vores l\u00f8sninger og opn\u00e5et en anbefalingsrate p\u00e5 97%.[\/vc_column_text][\/vc_column][\/vc_row][vc_row ftw_align_center_row=&#8221;true&#8221;][\/vc_row][vc_row ftw_align_center_row=&#8221;true&#8221;][vc_column width=&#8221;1\/2&#8243;][vc_column_text]<\/p>\n<h2>Lederholdet<\/h2>\n<p>Green Hat People ledes af stifterne <a href=\"https:\/\/www.linkedin.com\/in\/niklastyllstrom\/\">Niklas Tyllstr\u00f6m<\/a>\u00a0and\u00a0<a href=\"https:\/\/www.linkedin.com\/in\/eriksandgren\/\">Erik Sandgren<\/a>, <a href=\"https:\/\/www.linkedin.com\/in\/magnus-thylander-95bb85\/\">Magnus Thylander<\/a>\u00a0og <a href=\"https:\/\/www.linkedin.com\/in\/peter-svanfelt-ab214a4\/\">Peter Svanfelt<\/a>.[\/vc_column_text][\/vc_column][vc_column width=&#8221;1\/2&#8243;][vc_single_image image=&#8221;37591&#8243; img_size=&#8221;full&#8221; alignment=&#8221;center&#8221;][\/vc_column][\/vc_row][\/vc_section][vc_section ftw_bg_colour=&#8221;bg&#8211;grey&#8221; ftw_padding=&#8221;true&#8221;][vc_row][vc_column][vc_column_text]<\/p>\n<h2 style=\"text-align: center;\">Hvorfor samarbejde med os?<\/h2>\n<p>[\/vc_column_text][\/vc_column][\/vc_row][vc_row][vc_column]\n          <div class=\"swiper-main \">\n            <div class=\"swiper-container grid-slider \">\n              <div class=\"swiper-wrapper\">\n                \n            <div class=\"swiper-slide\">\n              <div class=\"swiper-slide-wrap\">\n                <div class=\"image\">\n                  <img loading=\"lazy\" decoding=\"async\" width=\"1920\" height=\"1280\" src=\"https:\/\/www.greenhatgames.com\/wp-content\/uploads\/2021\/01\/All-star-3.jpg\" class=\"attachment-full size-full\" alt=\"All-star Challenge - Virtual Team Building\" srcset=\"https:\/\/www.greenhatgames.com\/wp-content\/uploads\/2021\/01\/All-star-3.jpg 1920w, https:\/\/www.greenhatgames.com\/wp-content\/uploads\/2021\/01\/All-star-3-300x200.jpg 300w, https:\/\/www.greenhatgames.com\/wp-content\/uploads\/2021\/01\/All-star-3-1024x683.jpg 1024w, https:\/\/www.greenhatgames.com\/wp-content\/uploads\/2021\/01\/All-star-3-768x512.jpg 768w, https:\/\/www.greenhatgames.com\/wp-content\/uploads\/2021\/01\/All-star-3-1536x1024.jpg 1536w\" sizes=\"auto, (max-width: 1920px) 100vw, 1920px\" \/>\n                <\/div>\n                <div class=\"content\">\n                  [vc_column_text]<\/p>\n<h4>Engagement er vores kerne<\/h4>\n<p>Alt vi g\u00f8r er designet til at v\u00e6re engagerende og brugervenligt.[\/vc_column_text]\n                <\/div>\n              <\/div>\n            <\/div>\n          \n            <div class=\"swiper-slide\">\n              <div class=\"swiper-slide-wrap\">\n                <div class=\"image\">\n                  <img loading=\"lazy\" decoding=\"async\" width=\"1150\" height=\"770\" src=\"https:\/\/www.greenhatgames.com\/wp-content\/uploads\/2020\/03\/jud-mackrill-Of_m3hMsoAA-small.jpg\" class=\"attachment-full size-full\" alt=\"\" srcset=\"https:\/\/www.greenhatgames.com\/wp-content\/uploads\/2020\/03\/jud-mackrill-Of_m3hMsoAA-small.jpg 1150w, https:\/\/www.greenhatgames.com\/wp-content\/uploads\/2020\/03\/jud-mackrill-Of_m3hMsoAA-small-300x201.jpg 300w, https:\/\/www.greenhatgames.com\/wp-content\/uploads\/2020\/03\/jud-mackrill-Of_m3hMsoAA-small-1024x686.jpg 1024w, https:\/\/www.greenhatgames.com\/wp-content\/uploads\/2020\/03\/jud-mackrill-Of_m3hMsoAA-small-768x514.jpg 768w\" sizes=\"auto, (max-width: 1150px) 100vw, 1150px\" \/>\n                <\/div>\n                <div class=\"content\">\n                  [vc_column_text]<\/p>\n<h4>Fuldt tilpasset til jeres behov<\/h4>\n<p>Vi betjener kun virksomhedskunder &#8211; alle vores spil er designet til at benyttes af alle i organisationen for at hj\u00e6lpe med at opbygge en st\u00e6rkere kultur.[\/vc_column_text]\n                <\/div>\n              <\/div>\n            <\/div>\n          \n            <div class=\"swiper-slide\">\n              <div class=\"swiper-slide-wrap\">\n                <div class=\"image\">\n                  <img loading=\"lazy\" decoding=\"async\" width=\"1500\" height=\"1000\" src=\"https:\/\/www.greenhatgames.com\/wp-content\/uploads\/2020\/08\/Web-app-2.jpg\" class=\"attachment-full size-full\" alt=\"Virtual Team Building - Woman playing a game\" srcset=\"https:\/\/www.greenhatgames.com\/wp-content\/uploads\/2020\/08\/Web-app-2.jpg 1500w, https:\/\/www.greenhatgames.com\/wp-content\/uploads\/2020\/08\/Web-app-2-300x200.jpg 300w, https:\/\/www.greenhatgames.com\/wp-content\/uploads\/2020\/08\/Web-app-2-1024x683.jpg 1024w, https:\/\/www.greenhatgames.com\/wp-content\/uploads\/2020\/08\/Web-app-2-768x512.jpg 768w\" sizes=\"auto, (max-width: 1500px) 100vw, 1500px\" \/>\n                <\/div>\n                <div class=\"content\">\n                  [vc_column_text]<\/p>\n<h4>12 \u00e5rs indsigt<\/h4>\n<p>Efter at have engageret mere end 1.000.000 deltagere, ved vi, hvad der virker, og hvad der ikke virker.[\/vc_column_text]\n                <\/div>\n              <\/div>\n            <\/div>\n          \n            <div class=\"swiper-slide\">\n              <div class=\"swiper-slide-wrap\">\n                <div class=\"image\">\n                  <img loading=\"lazy\" decoding=\"async\" width=\"1280\" height=\"853\" src=\"https:\/\/www.greenhatgames.com\/wp-content\/uploads\/2021\/01\/All-star-1.jpg\" class=\"attachment-full size-full\" alt=\"Virtual Team Building\" srcset=\"https:\/\/www.greenhatgames.com\/wp-content\/uploads\/2021\/01\/All-star-1.jpg 1280w, https:\/\/www.greenhatgames.com\/wp-content\/uploads\/2021\/01\/All-star-1-300x200.jpg 300w, https:\/\/www.greenhatgames.com\/wp-content\/uploads\/2021\/01\/All-star-1-1024x682.jpg 1024w, https:\/\/www.greenhatgames.com\/wp-content\/uploads\/2021\/01\/All-star-1-768x512.jpg 768w\" sizes=\"auto, (max-width: 1280px) 100vw, 1280px\" \/>\n                <\/div>\n                <div class=\"content\">\n                  [vc_column_text]<\/p>\n<h4>Propriet\u00e6r teknologi<\/h4>\n<p>Al vores teknologi er udviklet internt og designet fra bunden til virtuelle m\u00f8der.[\/vc_column_text]\n                <\/div>\n              <\/div>\n            <\/div>\n          \n            <div class=\"swiper-slide\">\n              <div class=\"swiper-slide-wrap\">\n                <div class=\"image\">\n                  <img loading=\"lazy\" decoding=\"async\" width=\"1920\" height=\"1281\" src=\"https:\/\/www.greenhatgames.com\/wp-content\/uploads\/2019\/01\/dataandanalytics.jpg\" class=\"attachment-full size-full\" alt=\"data &amp; analytics\" srcset=\"https:\/\/www.greenhatgames.com\/wp-content\/uploads\/2019\/01\/dataandanalytics.jpg 1920w, https:\/\/www.greenhatgames.com\/wp-content\/uploads\/2019\/01\/dataandanalytics-300x200.jpg 300w, https:\/\/www.greenhatgames.com\/wp-content\/uploads\/2019\/01\/dataandanalytics-768x512.jpg 768w, https:\/\/www.greenhatgames.com\/wp-content\/uploads\/2019\/01\/dataandanalytics-1024x683.jpg 1024w\" sizes=\"auto, (max-width: 1920px) 100vw, 1920px\" \/>\n                <\/div>\n                <div class=\"content\">\n                  [vc_column_text]<\/p>\n<h4>Data og analyse<\/h4>\n<p>Vores leaderboards og betjeningspanel lader dig f\u00f8lge fremskridt mens det sker. Spor deltagelsesrater, engagementniveauer og sammenlign statistik p\u00e5 tv\u00e6rs af lande, divisioner, teams, funktioner osv.[\/vc_column_text]\n                <\/div>\n              <\/div>\n            <\/div>\n          \n              <\/div>\n            <\/div>\n            <div class=\"swiper-button-prev\"><\/div>\n            <div class=\"swiper-button-next\"><\/div>\n          <\/div>\n          [\/vc_column][\/vc_row][\/vc_section][vc_section ftw_bg_colour=&#8221;bg&#8211;secondary&#8221; ftw_padding=&#8221;true&#8221;][vc_row][vc_column][vc_column_text]<\/p>\n<h2 style=\"text-align: center;\">Kontakt os!<\/h2>\n<p>[\/vc_column_text][vc_column_text]<script charset=\"utf-8\" type=\"text\/javascript\" src=\"\/\/js-eu1.hsforms.net\/forms\/embed\/v2.js\"><\/script>\r\n<script>\r\n  hbspt.forms.create({\r\n    portalId: \"143572013\",\r\n    formId: \"7c91bfa2-5111-4bca-a701-02ee5a1efd0e\"\r\n  });\r\n<\/script>[\/vc_column_text][\/vc_column][\/vc_row][\/vc_section][vc_section ftw_padding=&#8221;true&#8221; el_class=&#8221;pb-0&#8243;][vc_row][vc_column][vc_column_text]<\/p>\n<h2 style=\"text-align: center;\">Vil du gerne blive en del af holdet?<\/h2>\n<p>[\/vc_column_text][\/vc_column][\/vc_row][vc_row full_width=&#8221;stretch_row&#8221;][vc_column]\n            <div class=\"vc_tile_section col-3 \">\n              \n            <div class=\"vc_tile_block no-link \">\n              <div class=\"content\">\n                [vc_column_text]<\/p>\n<h4>Vi s\u00f8ger!<\/h4>\n<p>Vi leder i \u00f8jeblikket efter junior og senior udviklere, placering verden over. Send os venligst en <a href=\"mailto:careers@greenhatpeople.com\">email<\/a>\u00a0for at h\u00f8re mere.[\/vc_column_text]\n              <\/div>\n              <img loading=\"lazy\" decoding=\"async\" width=\"1600\" height=\"1067\" src=\"https:\/\/www.greenhatgames.com\/wp-content\/uploads\/2019\/04\/51510762_m.jpg\" class=\"attachment-full size-full\" alt=\"Virtual Escape Room Beat the Hacker\" srcset=\"https:\/\/www.greenhatgames.com\/wp-content\/uploads\/2019\/04\/51510762_m.jpg 1600w, https:\/\/www.greenhatgames.com\/wp-content\/uploads\/2019\/04\/51510762_m-300x200.jpg 300w, https:\/\/www.greenhatgames.com\/wp-content\/uploads\/2019\/04\/51510762_m-768x512.jpg 768w, https:\/\/www.greenhatgames.com\/wp-content\/uploads\/2019\/04\/51510762_m-1024x683.jpg 1024w\" sizes=\"auto, (max-width: 1600px) 100vw, 1600px\" \/>\n            <\/div>\n          \n            <div class=\"vc_tile_block no-link \">\n              <div class=\"content\">\n                [vc_column_text]<\/p>\n<h4>P\u00e5 udkig efter at videres\u00e6lge vores spil?<\/h4>\n<p>Kontakt os venligst for at h\u00f8re mere om partnerskaber.[\/vc_column_text]\n              <\/div>\n              <img loading=\"lazy\" decoding=\"async\" width=\"1600\" height=\"1067\" src=\"https:\/\/www.greenhatgames.com\/wp-content\/uploads\/2019\/04\/52396615_l.jpg\" class=\"attachment-full size-full\" alt=\"\" srcset=\"https:\/\/www.greenhatgames.com\/wp-content\/uploads\/2019\/04\/52396615_l.jpg 1600w, https:\/\/www.greenhatgames.com\/wp-content\/uploads\/2019\/04\/52396615_l-300x200.jpg 300w, https:\/\/www.greenhatgames.com\/wp-content\/uploads\/2019\/04\/52396615_l-768x512.jpg 768w, https:\/\/www.greenhatgames.com\/wp-content\/uploads\/2019\/04\/52396615_l-1024x683.jpg 1024w\" sizes=\"auto, (max-width: 1600px) 100vw, 1600px\" \/>\n            <\/div>\n          \n            <div class=\"vc_tile_block no-link \">\n              <div class=\"content\">\n                [vc_column_text]<\/p>\n<h4>Investorer<\/h4>\n<p>Kontakt os venligst hvis du er interesseret i at investere i en af de st\u00f8rste leverand\u00f8rer af virtuelt samarbejdsunderholdning.[\/vc_column_text]\n              <\/div>\n              <img loading=\"lazy\" decoding=\"async\" width=\"1500\" height=\"1000\" src=\"https:\/\/www.greenhatgames.com\/wp-content\/uploads\/2021\/01\/shutterstock_654406453_small.jpg\" class=\"attachment-full size-full\" alt=\"Get in touch\" srcset=\"https:\/\/www.greenhatgames.com\/wp-content\/uploads\/2021\/01\/shutterstock_654406453_small.jpg 1500w, https:\/\/www.greenhatgames.com\/wp-content\/uploads\/2021\/01\/shutterstock_654406453_small-300x200.jpg 300w, https:\/\/www.greenhatgames.com\/wp-content\/uploads\/2021\/01\/shutterstock_654406453_small-1024x683.jpg 1024w, https:\/\/www.greenhatgames.com\/wp-content\/uploads\/2021\/01\/shutterstock_654406453_small-768x512.jpg 768w\" sizes=\"auto, (max-width: 1500px) 100vw, 1500px\" \/>\n            <\/div>\n          \n            <\/div>\n          [\/vc_column][\/vc_row][\/vc_section]<\/p>\n<\/div>","protected":false},"excerpt":{"rendered":"<p>[vc_row full_width=&#8221;stretch_row&#8221;][vc_column][\/vc_column][\/vc_row][vc_section][vc_row ftw_align_center_row=&#8221;true&#8221;][vc_column width=&#8221;1\/2&#8243;][vc_single_image image=&#8221;38772&#8243; img_size=&#8221;full&#8221; alignment=&#8221;center&#8221;][\/vc_column][vc_column width=&#8221;1\/2&#8243;][vc_column_text] Eksperter inden for virtuel teambuilding Vi har designet digitale spil til virksomhedskunder i mere end 10 \u00e5r. Vores virtuelle teambuilding tilbud er designet fra bunden til at passe perfekt til dine videokonferencesystemer som Zoom og Teams.[\/vc_column_text][\/vc_column][\/vc_row][vc_row ftw_align_center_row=&#8221;true&#8221; ftw_reverse_order=&#8221;true&#8221;][vc_column width=&#8221;1\/2&#8243;][vc_column_text] Hvorfor v\u00e6lge os? Alle vores spil er designet til at v\u00e6re sjove, brugervenlige&#8230;<\/p>\n","protected":false},"author":1,"featured_media":37991,"parent":0,"menu_order":185,"comment_status":"closed","ping_status":"closed","template":"","meta":{"_acf_changed":false,"inline_featured_image":false,"footnotes":""},"class_list":["post-37584","page","type-page","status-publish","has-post-thumbnail","hentry"],"acf":[],"yoast_head":"<!-- This site is optimized with the Yoast SEO plugin v27.3 - https:\/\/yoast.com\/product\/yoast-seo-wordpress\/ -->\n<title>Om os - Green Hat Games<\/title>\n<meta name=\"description\" content=\"Green Hat Games leverer spil specialiseret til at hj\u00e6lpe kunder med at kommunikere med deres personale p\u00e5 en ny og mere engagerende m\u00e5de.\" \/>\n<meta name=\"robots\" content=\"index, follow, max-snippet:-1, max-image-preview:large, max-video-preview:-1\" \/>\n<link rel=\"canonical\" href=\"https:\/\/www.greenhatgames.com\/da\/om-os\/\" \/>\n<meta property=\"og:locale\" content=\"da_DK\" \/>\n<meta property=\"og:type\" content=\"article\" \/>\n<meta property=\"og:title\" content=\"Om os - Green Hat Games\" \/>\n<meta property=\"og:description\" content=\"Green Hat Games leverer spil specialiseret til at hj\u00e6lpe kunder med at kommunikere med deres personale p\u00e5 en ny og mere engagerende m\u00e5de.\" \/>\n<meta property=\"og:url\" content=\"https:\/\/www.greenhatgames.com\/da\/om-os\/\" \/>\n<meta property=\"og:site_name\" content=\"Green Hat Games\" \/>\n<meta property=\"article:modified_time\" content=\"2023-07-17T15:15:39+00:00\" \/>\n<meta property=\"og:image\" content=\"https:\/\/www.greenhatgames.com\/wp-content\/uploads\/2023\/06\/Onboarding-Game-18.jpg\" \/>\n\t<meta property=\"og:image:width\" content=\"1920\" \/>\n\t<meta property=\"og:image:height\" content=\"1281\" \/>\n\t<meta property=\"og:image:type\" content=\"image\/jpeg\" \/>\n<meta name=\"twitter:card\" content=\"summary_large_image\" \/>\n<meta name=\"twitter:label1\" content=\"Estimeret l\u00e6setid\" \/>\n\t<meta name=\"twitter:data1\" content=\"3 minutter\" \/>\n<script type=\"application\/ld+json\" class=\"yoast-schema-graph\">{\"@context\":\"https:\\\/\\\/schema.org\",\"@graph\":[{\"@type\":\"WebPage\",\"@id\":\"https:\\\/\\\/www.greenhatgames.com\\\/da\\\/om-os\\\/\",\"url\":\"https:\\\/\\\/www.greenhatgames.com\\\/da\\\/om-os\\\/\",\"name\":\"Om os - Green Hat Games\",\"isPartOf\":{\"@id\":\"https:\\\/\\\/www.greenhatgames.com\\\/da\\\/#website\"},\"primaryImageOfPage\":{\"@id\":\"https:\\\/\\\/www.greenhatgames.com\\\/da\\\/om-os\\\/#primaryimage\"},\"image\":{\"@id\":\"https:\\\/\\\/www.greenhatgames.com\\\/da\\\/om-os\\\/#primaryimage\"},\"thumbnailUrl\":\"https:\\\/\\\/www.greenhatgames.com\\\/wp-content\\\/uploads\\\/2023\\\/06\\\/Onboarding-Game-18.jpg\",\"datePublished\":\"2023-06-07T15:29:34+00:00\",\"dateModified\":\"2023-07-17T15:15:39+00:00\",\"description\":\"Green Hat Games leverer spil specialiseret til at hj\u00e6lpe kunder med at kommunikere med deres personale p\u00e5 en ny og mere engagerende m\u00e5de.\",\"breadcrumb\":{\"@id\":\"https:\\\/\\\/www.greenhatgames.com\\\/da\\\/om-os\\\/#breadcrumb\"},\"inLanguage\":\"da-DK\",\"potentialAction\":[{\"@type\":\"ReadAction\",\"target\":[\"https:\\\/\\\/www.greenhatgames.com\\\/da\\\/om-os\\\/\"]}]},{\"@type\":\"ImageObject\",\"inLanguage\":\"da-DK\",\"@id\":\"https:\\\/\\\/www.greenhatgames.com\\\/da\\\/om-os\\\/#primaryimage\",\"url\":\"https:\\\/\\\/www.greenhatgames.com\\\/wp-content\\\/uploads\\\/2023\\\/06\\\/Onboarding-Game-18.jpg\",\"contentUrl\":\"https:\\\/\\\/www.greenhatgames.com\\\/wp-content\\\/uploads\\\/2023\\\/06\\\/Onboarding-Game-18.jpg\",\"width\":1920,\"height\":1281,\"caption\":\"game based learning\"},{\"@type\":\"BreadcrumbList\",\"@id\":\"https:\\\/\\\/www.greenhatgames.com\\\/da\\\/om-os\\\/#breadcrumb\",\"itemListElement\":[{\"@type\":\"ListItem\",\"position\":1,\"name\":\"Home\",\"item\":\"https:\\\/\\\/www.greenhatgames.com\\\/da\\\/\"},{\"@type\":\"ListItem\",\"position\":2,\"name\":\"Om os\"}]},{\"@type\":\"WebSite\",\"@id\":\"https:\\\/\\\/www.greenhatgames.com\\\/da\\\/#website\",\"url\":\"https:\\\/\\\/www.greenhatgames.com\\\/da\\\/\",\"name\":\"Green Hat Games\",\"description\":\"Virtual Team Building\",\"potentialAction\":[{\"@type\":\"SearchAction\",\"target\":{\"@type\":\"EntryPoint\",\"urlTemplate\":\"https:\\\/\\\/www.greenhatgames.com\\\/da\\\/?s={search_term_string}\"},\"query-input\":{\"@type\":\"PropertyValueSpecification\",\"valueRequired\":true,\"valueName\":\"search_term_string\"}}],\"inLanguage\":\"da-DK\"}]}<\/script>\n<!-- \/ Yoast SEO plugin. -->","yoast_head_json":{"title":"Om os - Green Hat Games","description":"Green Hat Games leverer spil specialiseret til at hj\u00e6lpe kunder med at kommunikere med deres personale p\u00e5 en ny og mere engagerende m\u00e5de.","robots":{"index":"index","follow":"follow","max-snippet":"max-snippet:-1","max-image-preview":"max-image-preview:large","max-video-preview":"max-video-preview:-1"},"canonical":"https:\/\/www.greenhatgames.com\/da\/om-os\/","og_locale":"da_DK","og_type":"article","og_title":"Om os - Green Hat Games","og_description":"Green Hat Games leverer spil specialiseret til at hj\u00e6lpe kunder med at kommunikere med deres personale p\u00e5 en ny og mere engagerende m\u00e5de.","og_url":"https:\/\/www.greenhatgames.com\/da\/om-os\/","og_site_name":"Green Hat Games","article_modified_time":"2023-07-17T15:15:39+00:00","og_image":[{"width":1920,"height":1281,"url":"https:\/\/www.greenhatgames.com\/wp-content\/uploads\/2023\/06\/Onboarding-Game-18.jpg","type":"image\/jpeg"}],"twitter_card":"summary_large_image","twitter_misc":{"Estimeret l\u00e6setid":"3 minutter"},"schema":{"@context":"https:\/\/schema.org","@graph":[{"@type":"WebPage","@id":"https:\/\/www.greenhatgames.com\/da\/om-os\/","url":"https:\/\/www.greenhatgames.com\/da\/om-os\/","name":"Om os - Green Hat Games","isPartOf":{"@id":"https:\/\/www.greenhatgames.com\/da\/#website"},"primaryImageOfPage":{"@id":"https:\/\/www.greenhatgames.com\/da\/om-os\/#primaryimage"},"image":{"@id":"https:\/\/www.greenhatgames.com\/da\/om-os\/#primaryimage"},"thumbnailUrl":"https:\/\/www.greenhatgames.com\/wp-content\/uploads\/2023\/06\/Onboarding-Game-18.jpg","datePublished":"2023-06-07T15:29:34+00:00","dateModified":"2023-07-17T15:15:39+00:00","description":"Green Hat Games leverer spil specialiseret til at hj\u00e6lpe kunder med at kommunikere med deres personale p\u00e5 en ny og mere engagerende m\u00e5de.","breadcrumb":{"@id":"https:\/\/www.greenhatgames.com\/da\/om-os\/#breadcrumb"},"inLanguage":"da-DK","potentialAction":[{"@type":"ReadAction","target":["https:\/\/www.greenhatgames.com\/da\/om-os\/"]}]},{"@type":"ImageObject","inLanguage":"da-DK","@id":"https:\/\/www.greenhatgames.com\/da\/om-os\/#primaryimage","url":"https:\/\/www.greenhatgames.com\/wp-content\/uploads\/2023\/06\/Onboarding-Game-18.jpg","contentUrl":"https:\/\/www.greenhatgames.com\/wp-content\/uploads\/2023\/06\/Onboarding-Game-18.jpg","width":1920,"height":1281,"caption":"game based learning"},{"@type":"BreadcrumbList","@id":"https:\/\/www.greenhatgames.com\/da\/om-os\/#breadcrumb","itemListElement":[{"@type":"ListItem","position":1,"name":"Home","item":"https:\/\/www.greenhatgames.com\/da\/"},{"@type":"ListItem","position":2,"name":"Om os"}]},{"@type":"WebSite","@id":"https:\/\/www.greenhatgames.com\/da\/#website","url":"https:\/\/www.greenhatgames.com\/da\/","name":"Green Hat Games","description":"Virtual Team Building","potentialAction":[{"@type":"SearchAction","target":{"@type":"EntryPoint","urlTemplate":"https:\/\/www.greenhatgames.com\/da\/?s={search_term_string}"},"query-input":{"@type":"PropertyValueSpecification","valueRequired":true,"valueName":"search_term_string"}}],"inLanguage":"da-DK"}]}},"_links":{"self":[{"href":"https:\/\/www.greenhatgames.com\/da\/wp-json\/wp\/v2\/pages\/37584","targetHints":{"allow":["GET"]}}],"collection":[{"href":"https:\/\/www.greenhatgames.com\/da\/wp-json\/wp\/v2\/pages"}],"about":[{"href":"https:\/\/www.greenhatgames.com\/da\/wp-json\/wp\/v2\/types\/page"}],"author":[{"embeddable":true,"href":"https:\/\/www.greenhatgames.com\/da\/wp-json\/wp\/v2\/users\/1"}],"replies":[{"embeddable":true,"href":"https:\/\/www.greenhatgames.com\/da\/wp-json\/wp\/v2\/comments?post=37584"}],"version-history":[{"count":4,"href":"https:\/\/www.greenhatgames.com\/da\/wp-json\/wp\/v2\/pages\/37584\/revisions"}],"predecessor-version":[{"id":38806,"href":"https:\/\/www.greenhatgames.com\/da\/wp-json\/wp\/v2\/pages\/37584\/revisions\/38806"}],"wp:featuredmedia":[{"embeddable":true,"href":"https:\/\/www.greenhatgames.com\/da\/wp-json\/wp\/v2\/media\/37991"}],"wp:attachment":[{"href":"https:\/\/www.greenhatgames.com\/da\/wp-json\/wp\/v2\/media?parent=37584"}],"curies":[{"name":"wp","href":"https:\/\/api.w.org\/{rel}","templated":true}]}}